{"id":539,"date":"2024-03-20T16:31:34","date_gmt":"2024-03-20T16:31:34","guid":{"rendered":"https:\/\/timiskamingyouth.ca\/?page_id=539"},"modified":"2024-07-22T16:14:00","modified_gmt":"2024-07-22T20:14:00","slug":"get-involved","status":"publish","type":"page","link":"https:\/\/timiskamingyouth.ca\/fr\/get-involved\/","title":{"rendered":"Impliquez-vous"},"content":{"rendered":"<div id=\"pl-539\"  class=\"panel-layout\" ><div id=\"pg-539-0\"  class=\"panel-grid panel-has-style\" ><div class=\"panel-row-style panel-row-style-for-539-0\" ><div id=\"pgc-539-0-0\"  class=\"panel-grid-cell\" ><div id=\"panel-539-0-0-0\" class=\"so-panel widget widget_text panel-first-child\" data-index=\"0\" ><div class=\"kt-pb-animation kt-pb-fadeInLeft kt-pb-duration-1200 kt-pb-delay-0 panel-widget-style panel-widget-style-for-539-0-0-0\" ><h3 class=\"widget-title\">Joignez-vous \u00e0 un groupe d\u2019action locale !<\/h3>\t\t\t<div class=\"textwidget\"><p><span data-contrast=\"auto\">Vous voulez aider \u00e0 am\u00e9liorer la vie des jeunes de votre communaut\u00e9 ? C\u2019est l\u2019endroit pour aider \u00e0 apporter des changements !<\/span><span data-ccp-props=\"{&quot;134233117&quot;:false,&quot;134233118&quot;:false,&quot;201341983&quot;:0,&quot;335551550&quot;:1,&quot;335551620&quot;:1,&quot;335559685&quot;:-20,&quot;335559737&quot;:-20,&quot;335559738&quot;:0,&quot;335559739&quot;:160,&quot;335559740&quot;:257}\">\u00a0<\/span><\/p>\n<p><span data-contrast=\"auto\">Les \u00e9quipes d\u2019action locales sont des groupes communautaires qui collaborent pour\u202f:<\/span><span data-ccp-props=\"{&quot;134233118&quot;:false,&quot;201341983&quot;:0,&quot;335551550&quot;:1,&quot;335551620&quot;:1,&quot;335559685&quot;:-20,&quot;335559737&quot;:-20,&quot;335559739&quot;:160,&quot;335559740&quot;:257}\">\u00a0<\/span><\/p>\n<ol>\n<li><strong>transmettre les <a href=\"https:\/\/timiskamingyouth.ca\/fr\/survey-findings\/\" target=\"_blank\" rel=\"noopener\">r\u00e9sultats du sondage<\/a> <\/strong>\u00e0 leurs communaut\u00e9s respectives;<\/li>\n<li><strong><span class=\"TextRun MacChromeBold SCXW151178315 BCX0\" lang=\"EN-CA\" xml:lang=\"EN-CA\" data-contrast=\"auto\"><span class=\"NormalTextRun SCXW151178315 BCX0\">\u00e9laborer un <\/span><span class=\"NormalTextRun SCXW151178315 BCX0\">plan d\u2019action<\/span> <\/span><\/strong><span class=\"TextRun SCXW151178315 BCX0\" lang=\"EN-CA\" xml:lang=\"EN-CA\" data-contrast=\"auto\"><span class=\"NormalTextRun SCXW151178315 BCX0\">pour ce qu\u2019elles consid\u00e8rent comme \u00e9tant les meilleures solutions aux probl\u00e8mes d\u00e9cel\u00e9s;\u00a0<\/span><\/span><span class=\"EOP SCXW151178315 BCX0\" data-ccp-props=\"{&quot;134233117&quot;:false,&quot;134233118&quot;:false,&quot;201341983&quot;:0,&quot;335551550&quot;:1,&quot;335551620&quot;:1,&quot;335559685&quot;:-20,&quot;335559737&quot;:-20,&quot;335559738&quot;:0,&quot;335559739&quot;:0,&quot;335559740&quot;:257,&quot;335559991&quot;:360}\">\u00a0<\/span><\/li>\n<li><b>surveiller les progr\u00e8s accomplis.<\/b><\/li>\n<\/ol>\n<\/div>\n\t\t<\/div><\/div><div id=\"panel-539-0-0-1\" class=\"so-panel widget widget_text panel-last-child\" data-index=\"1\" >\t\t\t<div class=\"textwidget\"><p><span data-contrast=\"auto\">Les \u00e9quipes d\u2019action locales repr\u00e9sentent plus ou moins la zone desservie par chaque \u00e9cole secondaire.<\/span><span data-ccp-props=\"{&quot;134233118&quot;:false,&quot;201341983&quot;:0,&quot;335551550&quot;:1,&quot;335551620&quot;:1,&quot;335559685&quot;:-20,&quot;335559737&quot;:-20,&quot;335559739&quot;:160,&quot;335559740&quot;:257}\">\u00a0<\/span><\/p>\n<p><b><span data-contrast=\"auto\">Si vous souhaitez devenir membre d\u2019une \u00e9quipe, communiquez avec la ou le responsable de l\u2019\u00e9quipe :\u00a0<\/span><\/b><span data-ccp-props=\"{&quot;134233118&quot;:false,&quot;201341983&quot;:0,&quot;335551550&quot;:1,&quot;335551620&quot;:1,&quot;335559685&quot;:-20,&quot;335559737&quot;:-20,&quot;335559739&quot;:160,&quot;335559740&quot;:257}\">\u00a0<\/span><\/p>\n<\/div>\n\t\t<\/div><\/div><div id=\"pgc-539-0-1\"  class=\"panel-grid-cell\" ><div id=\"panel-539-0-1-0\" class=\"so-panel widget widget_kadence_about_with_image kadence_about_with_image panel-first-child panel-last-child\" data-index=\"2\" ><div class=\"kad_img_upload_widget kt-shape-type-kt-image-shape-standard kt-image-align-left kt-image-widget-widget-0-1-0\"><div class=\"kt-image-contain kt-image-shadow-none kt-image-shape-standard\"><div class=\"kt-image-inner-contain\"><img decoding=\"async\" width=\"597\" height=\"398\" src=\"https:\/\/timiskamingyouth.ca\/wp-content\/uploads\/2024\/03\/local-action-team.jpg\" class=\"attachment-full size-full\" alt=\"\" srcset=\"https:\/\/timiskamingyouth.ca\/wp-content\/uploads\/2024\/03\/local-action-team.jpg 597w, https:\/\/timiskamingyouth.ca\/wp-content\/uploads\/2024\/03\/local-action-team-300x200.jpg 300w, https:\/\/timiskamingyouth.ca\/wp-content\/uploads\/2024\/03\/local-action-team-18x12.jpg 18w, https:\/\/timiskamingyouth.ca\/wp-content\/uploads\/2024\/03\/local-action-team-272x182.jpg 272w\" sizes=\"(max-width: 597px) 100vw, 597px\" \/><\/div><\/div><\/div><\/div><\/div><\/div><\/div><div id=\"pg-539-1\"  class=\"panel-grid panel-has-style\" ><div class=\"panel-row-style panel-row-style-for-539-1\" ><div id=\"pgc-539-1-0\"  class=\"panel-grid-cell\" ><div id=\"panel-539-1-0-0\" class=\"so-panel widget widget_kadence_tabs_content_widget kadence_tabs_content_widget panel-first-child panel-last-child\" data-index=\"3\" >        \t<div class=\"kadence-accordion-container\">\n\t\t\t\t\t\t\t\t\t\t\t\t\t<div class=\"panel-group kt-accordion\" id=\"accordionnamewidget-1-0-0\">\n\t\t\t\t\t\t\t\t\t\t\t\t\t\t<div class=\"panel panel-default panel-even\">\n\t\t\t\t\t\t\t\t\t<div class=\"panel-heading\">\n\t\t\t\t\t\t\t\t\t\t<a class=\"accordion-toggle  collapsed\" data-toggle=\"collapse\" data-parent=\"#accordionnamewidget-1-0-0\" href=\"#collapsewidget-1-0-0-south-timiskaming\">\n\t\t\t\t\t\t\t\t\t\t\t<h5><i class=\"kt-icon-minus\"><\/i><i class=\"kt-icon-plus\"><\/i>Timiskaming Sud<\/h5>\n\t\t\t\t\t\t\t\t\t\t<\/a>\n\t\t\t\t\t\t\t\t\t<\/div>\n\t\t\t\t\t\t\t\t\t<div id=\"collapsewidget-1-0-0-south-timiskaming\" class=\"panel-collapse collapse\">\n\t\t\t\t\t\t\t\t\t\t<div class=\"panel-body postclass\">\n\t\t\t\t\t\t\t\t\t\t\t<div id=\"pl-w669ebd887efb3\"  class=\"panel-layout\" ><div id=\"pg-w669ebd887efb3-0\"  class=\"panel-grid panel-no-style\" ><div id=\"pgc-w669ebd887efb3-0-0\"  class=\"panel-grid-cell\" ><div id=\"panel-w669ebd887efb3-0-0-0\" class=\"so-panel widget widget_text panel-first-child\" data-index=\"0\" ><div class=\"panel-widget-style panel-widget-style-for-w669ebd887efb3-0-0-0\" >\t\t\t<div class=\"textwidget\"><p><strong><span class=\"TextRun Underlined MacChromeBold SCXW78246431 BCX0\" lang=\"EN-CA\" xml:lang=\"EN-CA\" data-contrast=\"auto\"><span class=\"NormalTextRun SCXW78246431 BCX0\">Contact :<\/span><\/span><\/strong><span class=\"TextRun SCXW78246431 BCX0\" lang=\"EN-CA\" xml:lang=\"EN-CA\" data-contrast=\"auto\"><span class=\"NormalTextRun SCXW78246431 BCX0\"> Tera Dabner<\/span><span class=\"NormalTextRun SCXW78246431 BCX0\">\u00a0(<\/span><\/span><a class=\"Hyperlink SCXW78246431 BCX0\" href=\"mailto:pyt@timiskaminghu.com\" target=\"_blank\" rel=\"noreferrer noopener\"><span class=\"TextRun Underlined SCXW78246431 BCX0\" lang=\"EN-CA\" xml:lang=\"EN-CA\" data-contrast=\"none\"><span class=\"NormalTextRun SCXW78246431 BCX0\" data-ccp-charstyle=\"Hyperlink\">pyt@timiskaminghu.com<\/span><\/span><\/a><span class=\"TextRun SCXW78246431 BCX0\" lang=\"EN-CA\" xml:lang=\"EN-CA\" data-contrast=\"auto\"><span class=\"NormalTextRun SCXW78246431 BCX0\">)<\/span><\/span><span class=\"EOP SCXW78246431 BCX0\" data-ccp-props=\"{&quot;134233117&quot;:false,&quot;134233118&quot;:false,&quot;201341983&quot;:0,&quot;335551550&quot;:1,&quot;335551620&quot;:1,&quot;335559685&quot;:-20,&quot;335559737&quot;:-20,&quot;335559738&quot;:0,&quot;335559739&quot;:0,&quot;335559740&quot;:257,&quot;335559991&quot;:360}\">\u00a0<\/span><\/p>\n<p><span class=\"TextRun SCXW45446462 BCX0\" lang=\"EN-CA\" xml:lang=\"EN-CA\" data-contrast=\"auto\"><strong><span class=\"NormalTextRun SCXW45446462 BCX0\">La r\u00e9gion desservie <\/span><span class=\"NormalTextRun ContextualSpellingAndGrammarErrorV2Themed SCXW45446462 BCX0\">comprend\u202f:<\/span><\/strong><span class=\"NormalTextRun SCXW45446462 BCX0\"> Temiskaming Shores, <\/span><\/span><span class=\"TextRun SCXW45446462 BCX0\" lang=\"EN-US\" xml:lang=\"EN-US\" data-contrast=\"auto\"><span class=\"NormalTextRun SCXW45446462 BCX0\">Casey (Belle Vall\u00e9e), Cobalt, Coleman, Harley, Harris, Hudson, Kerns, Latchford, Temagami et <\/span><span class=\"NormalTextRun SpellingErrorV2Themed SCXW45446462 BCX0\">Thornloe<\/span><\/span><span class=\"EOP SCXW45446462 BCX0\" data-ccp-props=\"{&quot;134233117&quot;:false,&quot;134233118&quot;:false,&quot;201341983&quot;:0,&quot;335551550&quot;:1,&quot;335551620&quot;:1,&quot;335559685&quot;:-20,&quot;335559737&quot;:-20,&quot;335559738&quot;:0,&quot;335559739&quot;:0,&quot;335559740&quot;:257,&quot;335559991&quot;:360}\">\u00a0<\/span><\/p>\n<\/div>\n\t\t<\/div><\/div><div id=\"panel-w669ebd887efb3-0-0-1\" class=\"so-panel widget widget_kadence_about_with_image kadence_about_with_image panel-last-child\" data-index=\"1\" ><div class=\"panel-widget-style panel-widget-style-for-w669ebd887efb3-0-0-1\" ><div class=\"kad_img_upload_widget kt-shape-type-kt-image-shape-standard kt-image-align-left kt-image-widget-widget-0-0-1\"><div class=\"kt-image-contain kt-image-shadow-none kt-image-shape-standard\"><div class=\"kt-image-inner-contain\"><img decoding=\"async\" width=\"624\" height=\"472\" src=\"https:\/\/timiskamingyouth.ca\/wp-content\/uploads\/2024\/03\/south-timiskaming-map.png\" class=\"attachment-full size-full\" alt=\"\" srcset=\"https:\/\/timiskamingyouth.ca\/wp-content\/uploads\/2024\/03\/south-timiskaming-map.png 624w, https:\/\/timiskamingyouth.ca\/wp-content\/uploads\/2024\/03\/south-timiskaming-map-300x227.png 300w, https:\/\/timiskamingyouth.ca\/wp-content\/uploads\/2024\/03\/south-timiskaming-map-16x12.png 16w\" sizes=\"(max-width: 624px) 100vw, 624px\" \/><\/div><\/div><\/div><\/div><\/div><\/div><\/div><\/div>\t\t\t\t\t\t\t\t\t\t<\/div>\n\t\t\t\t\t\t\t\t\t<\/div>\n\t\t\t\t\t\t\t\t<\/div>\n\t\t\t\t\t\t\t\t\t\t\t\t\t\t<div class=\"panel panel-default panel-odd\">\n\t\t\t\t\t\t\t\t\t<div class=\"panel-heading\">\n\t\t\t\t\t\t\t\t\t\t<a class=\"accordion-toggle  collapsed\" data-toggle=\"collapse\" data-parent=\"#accordionnamewidget-1-0-0\" href=\"#collapsewidget-1-0-0-central-timiskaming\">\n\t\t\t\t\t\t\t\t\t\t\t<h5><i class=\"kt-icon-minus\"><\/i><i class=\"kt-icon-plus\"><\/i>Timiskaming Centre<\/h5>\n\t\t\t\t\t\t\t\t\t\t<\/a>\n\t\t\t\t\t\t\t\t\t<\/div>\n\t\t\t\t\t\t\t\t\t<div id=\"collapsewidget-1-0-0-central-timiskaming\" class=\"panel-collapse collapse\">\n\t\t\t\t\t\t\t\t\t\t<div class=\"panel-body postclass\">\n\t\t\t\t\t\t\t\t\t\t\t<div id=\"pl-w669ebd887efba\"  class=\"panel-layout\" ><div id=\"pg-w669ebd887efba-0\"  class=\"panel-grid panel-no-style\" ><div id=\"pgc-w669ebd887efba-0-0\"  class=\"panel-grid-cell\" ><div id=\"panel-w669ebd887efba-0-0-0\" class=\"so-panel widget widget_text panel-first-child\" data-index=\"0\" ><div class=\"panel-widget-style panel-widget-style-for-w669ebd887efba-0-0-0\" >\t\t\t<div class=\"textwidget\"><p><strong><span class=\"TextRun Underlined MacChromeBold SCXW14829017 BCX0\" lang=\"EN-CA\" xml:lang=\"EN-CA\" data-contrast=\"auto\"><span class=\"NormalTextRun SCXW14829017 BCX0\">Contact :<\/span><\/span><\/strong><span class=\"TextRun SCXW14829017 BCX0\" lang=\"EN-CA\" xml:lang=\"EN-CA\" data-contrast=\"auto\"><span class=\"NormalTextRun SCXW14829017 BCX0\"> Johanna Paradis (<\/span><\/span><a class=\"Hyperlink SCXW14829017 BCX0\" href=\"mailto:jparadis@englehart.ca\" target=\"_blank\" rel=\"noreferrer noopener\"><span class=\"TextRun Underlined SCXW14829017 BCX0\" lang=\"EN-CA\" xml:lang=\"EN-CA\" data-contrast=\"none\"><span class=\"NormalTextRun SCXW14829017 BCX0\" data-ccp-charstyle=\"Hyperlink\">jparadis@englehart.ca<\/span><\/span><\/a><span class=\"TextRun SCXW14829017 BCX0\" lang=\"EN-CA\" xml:lang=\"EN-CA\" data-contrast=\"auto\"><span class=\"NormalTextRun SCXW14829017 BCX0\">)<\/span><\/span><span class=\"EOP SCXW14829017 BCX0\" data-ccp-props=\"{&quot;134233117&quot;:false,&quot;134233118&quot;:false,&quot;201341983&quot;:0,&quot;335551550&quot;:1,&quot;335551620&quot;:1,&quot;335559685&quot;:-20,&quot;335559737&quot;:-20,&quot;335559738&quot;:0,&quot;335559739&quot;:0,&quot;335559740&quot;:257,&quot;335559991&quot;:360}\">\u00a0<\/span><\/p>\n<p><span class=\"TextRun SCXW185121292 BCX0\" lang=\"EN-CA\" xml:lang=\"EN-CA\" data-contrast=\"auto\"><span class=\"NormalTextRun SCXW185121292 BCX0\"><strong>La r\u00e9gion desservie comprend\u202f:<\/strong> <span class=\"NormalTextRun SCXW252740501 BCX0\">Englehart, <\/span><span class=\"NormalTextRun SpellingErrorV2Themed SCXW252740501 BCX0\">Earlton<\/span><span class=\"NormalTextRun SCXW252740501 BCX0\">, Evanturel, Chamberlain, Charlton and Dack, James (Elk Lake), <\/span><span class=\"NormalTextRun SpellingErrorV2Themed SCXW252740501 BCX0\">Hilliardton<\/span><span class=\"NormalTextRun SCXW252740501 BCX0\">et Brethour\u00a0<\/span><\/span><\/span><\/p>\n<\/div>\n\t\t<\/div><\/div><div id=\"panel-w669ebd887efba-0-0-1\" class=\"so-panel widget widget_kadence_about_with_image kadence_about_with_image panel-last-child\" data-index=\"1\" ><div class=\"panel-widget-style panel-widget-style-for-w669ebd887efba-0-0-1\" ><div class=\"kad_img_upload_widget kt-shape-type-kt-image-shape-standard kt-image-align-left kt-image-widget-widget-0-0-1\"><div class=\"kt-image-contain kt-image-shadow-none kt-image-shape-standard\"><div class=\"kt-image-inner-contain\"><img decoding=\"async\" width=\"624\" height=\"176\" src=\"https:\/\/timiskamingyouth.ca\/wp-content\/uploads\/2024\/03\/central-timiskaming.png\" class=\"attachment-full size-full\" alt=\"\" srcset=\"https:\/\/timiskamingyouth.ca\/wp-content\/uploads\/2024\/03\/central-timiskaming.png 624w, https:\/\/timiskamingyouth.ca\/wp-content\/uploads\/2024\/03\/central-timiskaming-300x85.png 300w, https:\/\/timiskamingyouth.ca\/wp-content\/uploads\/2024\/03\/central-timiskaming-18x5.png 18w\" sizes=\"(max-width: 624px) 100vw, 624px\" \/><\/div><\/div><\/div><\/div><\/div><\/div><\/div><\/div>\t\t\t\t\t\t\t\t\t\t<\/div>\n\t\t\t\t\t\t\t\t\t<\/div>\n\t\t\t\t\t\t\t\t<\/div>\n\t\t\t\t\t\t\t\t\t\t\t\t\t\t<div class=\"panel panel-default panel-even\">\n\t\t\t\t\t\t\t\t\t<div class=\"panel-heading\">\n\t\t\t\t\t\t\t\t\t\t<a class=\"accordion-toggle  collapsed\" data-toggle=\"collapse\" data-parent=\"#accordionnamewidget-1-0-0\" href=\"#collapsewidget-1-0-0-north-timiskaming\">\n\t\t\t\t\t\t\t\t\t\t\t<h5><i class=\"kt-icon-minus\"><\/i><i class=\"kt-icon-plus\"><\/i>Timiskaming Nord<\/h5>\n\t\t\t\t\t\t\t\t\t\t<\/a>\n\t\t\t\t\t\t\t\t\t<\/div>\n\t\t\t\t\t\t\t\t\t<div id=\"collapsewidget-1-0-0-north-timiskaming\" class=\"panel-collapse collapse\">\n\t\t\t\t\t\t\t\t\t\t<div class=\"panel-body postclass\">\n\t\t\t\t\t\t\t\t\t\t\t<div id=\"pl-w669ebd887efbe\"  class=\"panel-layout\" ><div id=\"pg-w669ebd887efbe-0\"  class=\"panel-grid panel-no-style\" ><div id=\"pgc-w669ebd887efbe-0-0\"  class=\"panel-grid-cell\" ><div id=\"panel-w669ebd887efbe-0-0-0\" class=\"so-panel widget widget_text panel-first-child\" data-index=\"0\" ><div class=\"panel-widget-style panel-widget-style-for-w669ebd887efbe-0-0-0\" >\t\t\t<div class=\"textwidget\"><p><strong><span class=\"TextRun MacChromeBold SCXW187803028 BCX0\" lang=\"EN-CA\" xml:lang=\"EN-CA\" data-contrast=\"auto\"><span class=\"NormalTextRun SCXW187803028 BCX0\">Contact :<\/span><\/span><\/strong><span class=\"TextRun SCXW187803028 BCX0\" lang=\"EN-CA\" xml:lang=\"EN-CA\" data-contrast=\"auto\"><span class=\"NormalTextRun SCXW187803028 BCX0\"> Krystal Oviatt (<\/span><\/span><a class=\"Hyperlink SCXW187803028 BCX0\" href=\"mailto:oviattk@timiskaminghu.com\" target=\"_blank\" rel=\"noreferrer noopener\"><span class=\"TextRun Underlined SCXW187803028 BCX0\" lang=\"EN-CA\" xml:lang=\"EN-CA\" data-contrast=\"none\"><span class=\"NormalTextRun SCXW187803028 BCX0\" data-ccp-charstyle=\"Hyperlink\">oviattk@timiskaminghu.com<\/span><\/span><\/a><span class=\"TextRun SCXW187803028 BCX0\" lang=\"EN-CA\" xml:lang=\"EN-CA\" data-contrast=\"auto\"><span class=\"NormalTextRun SCXW187803028 BCX0\">)\u00a0\u00a0\u00a0\u00a0\u00a0\u00a0<\/span><\/span><span class=\"EOP SCXW187803028 BCX0\" data-ccp-props=\"{&quot;134233118&quot;:false,&quot;201341983&quot;:0,&quot;335551550&quot;:1,&quot;335551620&quot;:1,&quot;335559685&quot;:-20,&quot;335559737&quot;:-20,&quot;335559739&quot;:160,&quot;335559740&quot;:257,&quot;335559991&quot;:360}\">\u00a0<\/span><\/p>\n<p><span class=\"TextRun SCXW109582698 BCX0\" lang=\"EN-CA\" xml:lang=\"EN-CA\" data-contrast=\"auto\"><strong><span class=\"NormalTextRun SCXW109582698 BCX0\">La r\u00e9gion desservie <\/span><span class=\"NormalTextRun ContextualSpellingAndGrammarErrorV2Themed SCXW109582698 BCX0\">comprend\u202f:<\/span><\/strong><span class=\"NormalTextRun SCXW109582698 BCX0\"> Kirkland Lake, Gauthier, Larder Lake, Matachewan, Mcgarry (Kearns, <\/span><span class=\"NormalTextRun SpellingErrorV2Themed SpellingErrorHighlight SCXW109582698 BCX0\">Virginiatown<\/span><span class=\"NormalTextRun SCXW109582698 BCX0\">)\u00a0<\/span><\/span><span class=\"EOP SCXW109582698 BCX0\" data-ccp-props=\"{&quot;134233117&quot;:false,&quot;134233118&quot;:false,&quot;201341983&quot;:0,&quot;335551550&quot;:1,&quot;335551620&quot;:1,&quot;335559685&quot;:-20,&quot;335559737&quot;:-20,&quot;335559738&quot;:0,&quot;335559739&quot;:0,&quot;335559740&quot;:257,&quot;335559991&quot;:360}\">\u00a0<\/span><\/p>\n<\/div>\n\t\t<\/div><\/div><div id=\"panel-w669ebd887efbe-0-0-1\" class=\"so-panel widget widget_kadence_about_with_image kadence_about_with_image panel-last-child\" data-index=\"1\" ><div class=\"panel-widget-style panel-widget-style-for-w669ebd887efbe-0-0-1\" ><div class=\"kad_img_upload_widget kt-shape-type-kt-image-shape-standard kt-image-align-left kt-image-widget-widget-0-0-1\"><div class=\"kt-image-contain kt-image-shadow-none kt-image-shape-standard\"><div class=\"kt-image-inner-contain\"><img decoding=\"async\" width=\"624\" height=\"200\" src=\"https:\/\/timiskamingyouth.ca\/wp-content\/uploads\/2024\/03\/north-timiskaming.png\" class=\"attachment-full size-full\" alt=\"\" srcset=\"https:\/\/timiskamingyouth.ca\/wp-content\/uploads\/2024\/03\/north-timiskaming.png 624w, https:\/\/timiskamingyouth.ca\/wp-content\/uploads\/2024\/03\/north-timiskaming-300x96.png 300w, https:\/\/timiskamingyouth.ca\/wp-content\/uploads\/2024\/03\/north-timiskaming-18x6.png 18w\" sizes=\"(max-width: 624px) 100vw, 624px\" \/><\/div><\/div><\/div><\/div><\/div><\/div><\/div><\/div>\t\t\t\t\t\t\t\t\t\t<\/div>\n\t\t\t\t\t\t\t\t\t<\/div>\n\t\t\t\t\t\t\t\t<\/div>\n\t\t\t\t\t\t\t\t\t\t\t<\/div>\n\t\t\t\t\t\t\t<\/div>\n\n        \t<\/div><\/div><\/div><\/div><div id=\"pg-539-2\"  class=\"panel-grid panel-has-style\" ><div class=\"panel-row-style panel-row-style-for-539-2\" ><div id=\"pgc-539-2-0\"  class=\"panel-grid-cell\" ><div id=\"panel-539-2-0-0\" class=\"so-panel widget widget_text panel-first-child panel-last-child\" data-index=\"4\" ><h3 class=\"widget-title\">Ressources<\/h3>\t\t\t<div class=\"textwidget\"><p><a href=\"https:\/\/timiskamingyouth.ca\/wp-content\/uploads\/2024\/03\/Info-Sheet-Local-Action-Teams.pdf\" target=\"_blank\" rel=\"noopener\"><span class=\"TextRun SCXW118760845 BCX0\" lang=\"EN-US\" xml:lang=\"EN-US\" data-contrast=\"auto\"><span class=\"NormalTextRun SCXW118760845 BCX0\">Fiche d'information - un groupe d\u2019action locale<\/span><\/span><span class=\"EOP CommentStart CommentHighlightPipeRestV2 PointComment CommentHighlightRest SCXW118760845 BCX0\" data-ccp-props=\"{&quot;335551550&quot;:1,&quot;335551620&quot;:1}\">\u00a0<\/span><\/a><\/p>\n<\/div>\n\t\t<\/div><\/div><\/div><\/div><div id=\"sep-pg-539-3\" class=\"panel-grid panel-has-style\" ><div style=\"background-color:#439c89;opacity: 0;\" class=\"panel-row-style kt-row-style-no-padding siteorigin-panels-stretch kt-panel-row-stretch\" data-stretch-type=\"full\" ><div class=\"inner-sep-content-wrap\"><div id=\"pg-539-3\"  class=\"panel-grid panel-has-style\" ><div class=\"panel-row-style panel-row-style-for-539-3\" ><div id=\"pgc-539-3-0\"  class=\"panel-grid-cell\" >\n\n        <div id=\"panel-539-3-0-0\" class=\"so-panel widget widget_kadence_calltoaction_widget kadence_calltoaction_widget panel-first-child panel-last-child\" data-index=\"5\" ><div class=\"panel-widget-style panel-widget-style-for-539-3-0-0\" ><div class=\"kt-ctaw clearfix\"><h5 class=\"kt-call-to-action-subtitle\" style=\"color:#ffffff; font-size:30px; line-height:1; text-align:center; \"  data-max-size=\"30\" data-min-size=\"30\">To learn more, contact us or check out our FAQ.<\/h5><div style=\"text-align:center\"><a href=\"\/fr\/faq\/\" id=\"kadbtn8874\" target=\"_blank\" class=\"btn button btn-shortcode lg-kad-btn\" style=\"background-color:#ffffff; border: 0 solid; border-color:#000;  color:#439c89;\" onmouseover=\"\" onmouseout=\"\">FREQUENTLY ASKED QUESTIONS <\/a><\/div><\/div><\/div><\/div>\n    <\/div><\/div><\/div><div class=\"panel-row-style kt-row-style-no-padding kt_sep_panel sep_left_triangle siteorigin-panels-stretch\" data-stretch-type=\"full-stretched\"><svg style=\"fill:#69587e;\" viewbox=\"0 0 2000 100\" preserveaspectratio=\"none\"><polygon xmlns=\"http:\/\/www.w3.org\/2000\/svg\" points=\"600,90 0,0 0,100 2000,100 2000,0 \"><\/polygon><\/svg><\/div><\/div><\/div><\/div><\/div>","protected":false},"excerpt":{"rendered":"<p>Want to help improve the lives of young people in your community? This is the place to help make change!\u00a0 The Local Action Teams are groups of community members and organizations that work together to:\u00a0 Share the survey findings with &hellip; <a class=\"kt-excerpt-readmore more-link\" href=\"https:\/\/timiskamingyouth.ca\/fr\/get-involved\/\" aria-label=\"Impliquez-vous\">En savoir plus<\/a><\/p>","protected":false},"author":1,"featured_media":0,"parent":0,"menu_order":0,"comment_status":"closed","ping_status":"closed","template":"","meta":{"kt_blocks_editor_width":"","footnotes":""},"class_list":["post-539","page","type-page","status-publish","hentry"],"aioseo_notices":[],"_links":{"self":[{"href":"https:\/\/timiskamingyouth.ca\/fr\/wp-json\/wp\/v2\/pages\/539","targetHints":{"allow":["GET"]}}],"collection":[{"href":"https:\/\/timiskamingyouth.ca\/fr\/wp-json\/wp\/v2\/pages"}],"about":[{"href":"https:\/\/timiskamingyouth.ca\/fr\/wp-json\/wp\/v2\/types\/page"}],"author":[{"embeddable":true,"href":"https:\/\/timiskamingyouth.ca\/fr\/wp-json\/wp\/v2\/users\/1"}],"replies":[{"embeddable":true,"href":"https:\/\/timiskamingyouth.ca\/fr\/wp-json\/wp\/v2\/comments?post=539"}],"version-history":[{"count":8,"href":"https:\/\/timiskamingyouth.ca\/fr\/wp-json\/wp\/v2\/pages\/539\/revisions"}],"predecessor-version":[{"id":724,"href":"https:\/\/timiskamingyouth.ca\/fr\/wp-json\/wp\/v2\/pages\/539\/revisions\/724"}],"wp:attachment":[{"href":"https:\/\/timiskamingyouth.ca\/fr\/wp-json\/wp\/v2\/media?parent=539"}],"curies":[{"name":"wp","href":"https:\/\/api.w.org\/{rel}","templated":true}]}}