{"id":20,"date":"2024-02-29T16:22:27","date_gmt":"2024-02-29T16:22:27","guid":{"rendered":"https:\/\/timiskamingyouth.ca\/?page_id=20"},"modified":"2024-05-02T15:42:37","modified_gmt":"2024-05-02T15:42:37","slug":"survey-findings","status":"publish","type":"page","link":"https:\/\/timiskamingyouth.ca\/fr\/survey-findings\/","title":{"rendered":"R\u00e9sultats du sondage"},"content":{"rendered":"<div id=\"pl-20\"  class=\"panel-layout\" ><div id=\"pg-20-0\"  class=\"panel-grid panel-has-style\" ><div class=\"panel-row-style panel-row-style-for-20-0\" ><div id=\"pgc-20-0-0\"  class=\"panel-grid-cell\" ><div id=\"panel-20-0-0-0\" class=\"so-panel widget widget_text panel-first-child panel-last-child\" data-index=\"0\" ><div class=\"kt-pb-animation kt-pb-fadeInLeft kt-pb-duration-1200 kt-pb-delay-0 panel-widget-style panel-widget-style-for-20-0-0-0\" ><h3 class=\"widget-title\">M\u00e9thodologie<\/h3>\t\t\t<div class=\"textwidget\"><p>Tout de cinq \u00e9coles secondaires du district du Timiskaming ont particip\u00e9 \u00e0 un sondage de Plan\u00e8te Jeunesse en novembre 2023. Les participants \u00e9taient des \u00e9l\u00e8ves de 10e et de 11e ann\u00e9e qui \u00e9taient \u00e0 l\u2019\u00e9cole le jour de la tenue du sondage. Nous avons obtenu un taux de r\u00e9ponse global de 83 %.<\/p>\n<p>Le sondage a \u00e9t\u00e9 men\u00e9 pendant les cours au moyen d\u2019un questionnaire anonyme en ligne. La participation \u00e9tait volontaire, et les \u00e9l\u00e8ves \u00e9taient libres de r\u00e9pondre \u00e0 certaines ou \u00e0 toutes les questions du sondage, de sauter les questions auxquelles ils ne voulaient pas r\u00e9pondre et de changer d\u2019avis au sujet de leur participation \u00e0 tout moment. Le sondage sera de nouveau men\u00e9 aupr\u00e8s des \u00e9l\u00e8ves de la 10e et de la 11e ann\u00e9e en 2025 et en 2027.<\/p>\n<\/div>\n\t\t<\/div><\/div><\/div><div id=\"pgc-20-0-1\"  class=\"panel-grid-cell\" ><div id=\"panel-20-0-1-0\" class=\"so-panel widget widget_text panel-first-child panel-last-child\" data-index=\"1\" ><div class=\"iframeAttributes Style panel-widget-style panel-widget-style-for-20-0-1-0\" >\t\t\t<div class=\"textwidget\"><p><iframe src=\"https:\/\/www.youtube.com\/embed\/a1Tz5RIUN28?si=wFrD05pdfbaW9WT5\"><br \/>\n<\/iframe><\/p>\n<\/div>\n\t\t<\/div><\/div><\/div><\/div><\/div><div id=\"pg-20-1\"  class=\"panel-grid panel-has-style\" ><div class=\"siteorigin-panels-stretch kt-panel-row-stretch panel-row-style panel-row-style-for-20-1\" style=\"opacity: 0;\" data-stretch-type=\"full\" ><div id=\"pgc-20-1-0\"  class=\"panel-grid-cell\" >\n\n        <div id=\"panel-20-1-0-0\" class=\"so-panel widget widget_kadence_calltoaction_widget kadence_calltoaction_widget panel-first-child panel-last-child\" data-index=\"2\" ><div class=\"kt-pb-animation kt-pb-fadeInDown kt-pb-duration-1200 kt-pb-delay-0 panel-widget-style panel-widget-style-for-20-1-0-0\" ><div class=\"kt-ctaw clearfix\"><h5 class=\"kt-call-to-action-subtitle\" style=\"color:#ffffff; font-size:30px; line-height:1; text-align:center; \"  data-max-size=\"30\" data-min-size=\"30\"><strong>Voir les r\u00e9sultats<\/strong> par r\u00e9gion.<\/h5><div style=\"text-align:center\"><a href=\"\/fr\/regional-findings\/\" id=\"kadbtn5352\" target=\"_blank\" class=\"btn button btn-shortcode lg-kad-btn\" style=\"background-color:#ffffff; border: 0 solid; border-color:#000;  color:#439c89;\" onmouseover=\"\" onmouseout=\"\">LIRE LES RAPPORTS COMPLETS <\/a><\/div><\/div><\/div><\/div>\n    <\/div><\/div><\/div><div id=\"pg-20-2\"  class=\"panel-grid panel-has-style\" ><div class=\"panel-row-style panel-row-style-for-20-2\" ><div id=\"pgc-20-2-0\"  class=\"panel-grid-cell\" >\n\n        <div id=\"panel-20-2-0-0\" class=\"so-panel widget widget_kadence_calltoaction_widget kadence_calltoaction_widget panel-first-child\" data-index=\"3\" ><div class=\"kt-pb-animation kt-pb-fadeInDown kt-pb-duration-1200 kt-pb-delay-0 panel-widget-style panel-widget-style-for-20-2-0-0\" ><div class=\"kt-ctaw clearfix\"><h3 class=\"kt-call-to-action-title\" style=\" font-size:28px; line-height:1; text-align:center; \"  data-max-size=\"28\" data-min-size=\"28\">Principales conclusions pour le District de Timiskaming<\/h3><\/div><\/div><\/div>\n    <div id=\"panel-20-2-0-1\" class=\"so-panel widget widget_kadence_tabs_content_widget kadence_tabs_content_widget panel-last-child\" data-index=\"4\" ><div class=\"kt-pb-animation kt-pb-fadeInDown kt-pb-duration-1200 kt-pb-delay-0 panel-widget-style panel-widget-style-for-20-2-0-1\" >\t\t\t<div class=\"kadence-tabs-container\">\n\t\t\t\t\n\t\t\t\t\t\t\t\t\t<ul class=\"nav kt-tabs kt-sc-tabs kt-tabs-style1\" role=\"tablist\">\n\t\t\t\t\t\t\t\t\t\t\t\t\t<li class=\"active\">\n\t\t\t\t\t\t\t\t<a href=\"#sctabsubstance-use\" data-toggle=\"tab\" role=\"tab\">\n\t\t\t\t\t\t\t\tConsommation de substances\t\t\t\t\t\t\t\t<\/a>\n\t\t\t\t\t\t\t<\/li>\n\t\t\t\t\t\t\t\t\t\t\t\t\t<li class=\"\">\n\t\t\t\t\t\t\t\t<a href=\"#sctabfamily\" data-toggle=\"tab\" role=\"tab\">\n\t\t\t\t\t\t\t\tFamille\t\t\t\t\t\t\t\t<\/a>\n\t\t\t\t\t\t\t<\/li>\n\t\t\t\t\t\t\t\t\t\t\t\t\t<li class=\"\">\n\t\t\t\t\t\t\t\t<a href=\"#sctabschool\" data-toggle=\"tab\" role=\"tab\">\n\t\t\t\t\t\t\t\t\u00c9cole\t\t\t\t\t\t\t\t<\/a>\n\t\t\t\t\t\t\t<\/li>\n\t\t\t\t\t\t\t\t\t\t\t\t\t<li class=\"\">\n\t\t\t\t\t\t\t\t<a href=\"#sctableisure-activities\" data-toggle=\"tab\" role=\"tab\">\n\t\t\t\t\t\t\t\tLoisirs\t\t\t\t\t\t\t\t<\/a>\n\t\t\t\t\t\t\t<\/li>\n\t\t\t\t\t\t\t\t\t\t\t\t\t<li class=\"\">\n\t\t\t\t\t\t\t\t<a href=\"#sctabpeer-group-effects\" data-toggle=\"tab\" role=\"tab\">\n\t\t\t\t\t\t\t\tPairs\t\t\t\t\t\t\t\t<\/a>\n\t\t\t\t\t\t\t<\/li>\n\t\t\t\t\t\t\t\t\t\t\t\t\t<li class=\"\">\n\t\t\t\t\t\t\t\t<a href=\"#sctabcommunity\" data-toggle=\"tab\" role=\"tab\">\n\t\t\t\t\t\t\t\tCommunaut\u00e9\t\t\t\t\t\t\t\t<\/a>\n\t\t\t\t\t\t\t<\/li>\n\t\t\t\t\t\t\t\t\t\t\t\t\t<li class=\"\">\n\t\t\t\t\t\t\t\t<a href=\"#sctabwellbeing\" data-toggle=\"tab\" role=\"tab\">\n\t\t\t\t\t\t\t\tBien-\u00eatre\t\t\t\t\t\t\t\t<\/a>\n\t\t\t\t\t\t\t<\/li>\n\t\t\t\t\t\t\t\t\t\t\t<\/ul>\n\t\t\t\t\t<div class=\"kt-tab-content postclass\">\n\t\t\t\t\t\t\t\t\t\t\t<div class=\"tab-pane clearfix  active\" id=\"sctabsubstance-use\" role=\"tabpanel\">\n\t\t\t\t\t\t\t<div id=\"pl-w6633b46d424f8\"  class=\"panel-layout\" ><div id=\"pg-w6633b46d424f8-0\"  class=\"panel-grid panel-no-style\" ><div id=\"pgc-w6633b46d424f8-0-0\"  class=\"panel-grid-cell\" ><div id=\"panel-w6633b46d424f8-0-0-0\" class=\"so-panel widget widget_kadence_about_with_image kadence_about_with_image panel-first-child panel-last-child\" data-index=\"0\" ><div class=\"panel-widget-style panel-widget-style-for-w6633b46d424f8-0-0-0\" ><div class=\"kad_img_upload_widget kt-shape-type-kt-image-shape-standard kt-image-align-left kt-image-widget-widget-0-0-0\"><div class=\"kt-image-contain kt-image-shadow-none kt-image-shape-standard\"><div class=\"kt-image-inner-contain\"><img decoding=\"async\" width=\"2200\" height=\"1238\" src=\"https:\/\/timiskamingyouth.ca\/wp-content\/uploads\/2024\/05\/substance-use-fr.jpg\" class=\"attachment-full size-full\" alt=\"\" srcset=\"https:\/\/timiskamingyouth.ca\/wp-content\/uploads\/2024\/05\/substance-use-fr.jpg 2200w, https:\/\/timiskamingyouth.ca\/wp-content\/uploads\/2024\/05\/substance-use-fr-300x169.jpg 300w, https:\/\/timiskamingyouth.ca\/wp-content\/uploads\/2024\/05\/substance-use-fr-1024x576.jpg 1024w, https:\/\/timiskamingyouth.ca\/wp-content\/uploads\/2024\/05\/substance-use-fr-768x432.jpg 768w, https:\/\/timiskamingyouth.ca\/wp-content\/uploads\/2024\/05\/substance-use-fr-1536x864.jpg 1536w, https:\/\/timiskamingyouth.ca\/wp-content\/uploads\/2024\/05\/substance-use-fr-2048x1152.jpg 2048w, https:\/\/timiskamingyouth.ca\/wp-content\/uploads\/2024\/05\/substance-use-fr-18x10.jpg 18w\" sizes=\"(max-width: 2200px) 100vw, 2200px\" \/><\/div><\/div><\/div><\/div><\/div><\/div><\/div><\/div>\t\t\t\t\t\t<\/div>\n\t\t\t\t\t\t\t\t\t\t\t<div class=\"tab-pane clearfix\" id=\"sctabfamily\" role=\"tabpanel\">\n\t\t\t\t\t\t\t<div id=\"pl-w6633b46d424fb\"  class=\"panel-layout\" ><div id=\"pg-w6633b46d424fb-0\"  class=\"panel-grid panel-no-style\" ><div id=\"pgc-w6633b46d424fb-0-0\"  class=\"panel-grid-cell\" ><div id=\"panel-w6633b46d424fb-0-0-0\" class=\"so-panel widget widget_kadence_about_with_image kadence_about_with_image panel-first-child panel-last-child\" data-index=\"0\" ><div class=\"panel-widget-style panel-widget-style-for-w6633b46d424fb-0-0-0\" ><div class=\"kad_img_upload_widget kt-shape-type-kt-image-shape-standard kt-image-align-left kt-image-widget-widget-0-0-0\"><div class=\"kt-image-contain kt-image-shadow-none kt-image-shape-standard\"><div class=\"kt-image-inner-contain\"><img decoding=\"async\" width=\"2200\" height=\"1238\" src=\"https:\/\/timiskamingyouth.ca\/wp-content\/uploads\/2024\/05\/family-fr.jpg\" class=\"attachment-full size-full\" alt=\"\" srcset=\"https:\/\/timiskamingyouth.ca\/wp-content\/uploads\/2024\/05\/family-fr.jpg 2200w, https:\/\/timiskamingyouth.ca\/wp-content\/uploads\/2024\/05\/family-fr-300x169.jpg 300w, https:\/\/timiskamingyouth.ca\/wp-content\/uploads\/2024\/05\/family-fr-1024x576.jpg 1024w, https:\/\/timiskamingyouth.ca\/wp-content\/uploads\/2024\/05\/family-fr-768x432.jpg 768w, https:\/\/timiskamingyouth.ca\/wp-content\/uploads\/2024\/05\/family-fr-1536x864.jpg 1536w, https:\/\/timiskamingyouth.ca\/wp-content\/uploads\/2024\/05\/family-fr-2048x1152.jpg 2048w, https:\/\/timiskamingyouth.ca\/wp-content\/uploads\/2024\/05\/family-fr-18x10.jpg 18w\" sizes=\"(max-width: 2200px) 100vw, 2200px\" \/><\/div><\/div><\/div><\/div><\/div><\/div><\/div><\/div>\t\t\t\t\t\t<\/div>\n\t\t\t\t\t\t\t\t\t\t\t<div class=\"tab-pane clearfix\" id=\"sctabschool\" role=\"tabpanel\">\n\t\t\t\t\t\t\t<div id=\"pl-w6633b46d424fd\"  class=\"panel-layout\" ><div id=\"pg-w6633b46d424fd-0\"  class=\"panel-grid panel-no-style\" ><div id=\"pgc-w6633b46d424fd-0-0\"  class=\"panel-grid-cell\" ><div id=\"panel-w6633b46d424fd-0-0-0\" class=\"so-panel widget widget_kadence_about_with_image kadence_about_with_image panel-first-child panel-last-child\" data-index=\"0\" ><div class=\"panel-widget-style panel-widget-style-for-w6633b46d424fd-0-0-0\" ><div class=\"kad_img_upload_widget kt-shape-type-kt-image-shape-standard kt-image-align-left kt-image-widget-widget-0-0-0\"><div class=\"kt-image-contain kt-image-shadow-none kt-image-shape-standard\"><div class=\"kt-image-inner-contain\"><img decoding=\"async\" width=\"2200\" height=\"1238\" src=\"https:\/\/timiskamingyouth.ca\/wp-content\/uploads\/2024\/05\/school-fr.jpg\" class=\"attachment-full size-full\" alt=\"\" srcset=\"https:\/\/timiskamingyouth.ca\/wp-content\/uploads\/2024\/05\/school-fr.jpg 2200w, https:\/\/timiskamingyouth.ca\/wp-content\/uploads\/2024\/05\/school-fr-300x169.jpg 300w, https:\/\/timiskamingyouth.ca\/wp-content\/uploads\/2024\/05\/school-fr-1024x576.jpg 1024w, https:\/\/timiskamingyouth.ca\/wp-content\/uploads\/2024\/05\/school-fr-768x432.jpg 768w, https:\/\/timiskamingyouth.ca\/wp-content\/uploads\/2024\/05\/school-fr-1536x864.jpg 1536w, https:\/\/timiskamingyouth.ca\/wp-content\/uploads\/2024\/05\/school-fr-2048x1152.jpg 2048w, https:\/\/timiskamingyouth.ca\/wp-content\/uploads\/2024\/05\/school-fr-18x10.jpg 18w\" sizes=\"(max-width: 2200px) 100vw, 2200px\" \/><\/div><\/div><\/div><\/div><\/div><\/div><\/div><\/div>\t\t\t\t\t\t<\/div>\n\t\t\t\t\t\t\t\t\t\t\t<div class=\"tab-pane clearfix\" id=\"sctableisure-activities\" role=\"tabpanel\">\n\t\t\t\t\t\t\t<div id=\"pl-w6633b46d424fe\"  class=\"panel-layout\" ><div id=\"pg-w6633b46d424fe-0\"  class=\"panel-grid panel-no-style\" ><div id=\"pgc-w6633b46d424fe-0-0\"  class=\"panel-grid-cell\" ><div id=\"panel-w6633b46d424fe-0-0-0\" class=\"so-panel widget widget_kadence_about_with_image kadence_about_with_image panel-first-child panel-last-child\" data-index=\"0\" ><div class=\"panel-widget-style panel-widget-style-for-w6633b46d424fe-0-0-0\" ><div class=\"kad_img_upload_widget kt-shape-type-kt-image-shape-standard kt-image-align-left kt-image-widget-widget-0-0-0\"><div class=\"kt-image-contain kt-image-shadow-none kt-image-shape-standard\"><div class=\"kt-image-inner-contain\"><img decoding=\"async\" width=\"2200\" height=\"1238\" src=\"https:\/\/timiskamingyouth.ca\/wp-content\/uploads\/2024\/05\/leisure-activities-fr.jpg\" class=\"attachment-full size-full\" alt=\"\" srcset=\"https:\/\/timiskamingyouth.ca\/wp-content\/uploads\/2024\/05\/leisure-activities-fr.jpg 2200w, https:\/\/timiskamingyouth.ca\/wp-content\/uploads\/2024\/05\/leisure-activities-fr-300x169.jpg 300w, https:\/\/timiskamingyouth.ca\/wp-content\/uploads\/2024\/05\/leisure-activities-fr-1024x576.jpg 1024w, https:\/\/timiskamingyouth.ca\/wp-content\/uploads\/2024\/05\/leisure-activities-fr-768x432.jpg 768w, https:\/\/timiskamingyouth.ca\/wp-content\/uploads\/2024\/05\/leisure-activities-fr-1536x864.jpg 1536w, https:\/\/timiskamingyouth.ca\/wp-content\/uploads\/2024\/05\/leisure-activities-fr-2048x1152.jpg 2048w, https:\/\/timiskamingyouth.ca\/wp-content\/uploads\/2024\/05\/leisure-activities-fr-18x10.jpg 18w\" sizes=\"(max-width: 2200px) 100vw, 2200px\" \/><\/div><\/div><\/div><\/div><\/div><\/div><\/div><\/div>\t\t\t\t\t\t<\/div>\n\t\t\t\t\t\t\t\t\t\t\t<div class=\"tab-pane clearfix\" id=\"sctabpeer-group-effects\" role=\"tabpanel\">\n\t\t\t\t\t\t\t<div id=\"pl-w6633b46d42500\"  class=\"panel-layout\" ><div id=\"pg-w6633b46d42500-0\"  class=\"panel-grid panel-no-style\" ><div id=\"pgc-w6633b46d42500-0-0\"  class=\"panel-grid-cell\" ><div id=\"panel-w6633b46d42500-0-0-0\" class=\"so-panel widget widget_kadence_about_with_image kadence_about_with_image panel-first-child panel-last-child\" data-index=\"0\" ><div class=\"panel-widget-style panel-widget-style-for-w6633b46d42500-0-0-0\" ><div class=\"kad_img_upload_widget kt-shape-type-kt-image-shape-standard kt-image-align-left kt-image-widget-widget-0-0-0\"><div class=\"kt-image-contain kt-image-shadow-none kt-image-shape-standard\"><div class=\"kt-image-inner-contain\"><img decoding=\"async\" width=\"2200\" height=\"1238\" src=\"https:\/\/timiskamingyouth.ca\/wp-content\/uploads\/2024\/05\/peer-group-effects-fr.jpg\" class=\"attachment-full size-full\" alt=\"\" srcset=\"https:\/\/timiskamingyouth.ca\/wp-content\/uploads\/2024\/05\/peer-group-effects-fr.jpg 2200w, https:\/\/timiskamingyouth.ca\/wp-content\/uploads\/2024\/05\/peer-group-effects-fr-300x169.jpg 300w, https:\/\/timiskamingyouth.ca\/wp-content\/uploads\/2024\/05\/peer-group-effects-fr-1024x576.jpg 1024w, https:\/\/timiskamingyouth.ca\/wp-content\/uploads\/2024\/05\/peer-group-effects-fr-768x432.jpg 768w, https:\/\/timiskamingyouth.ca\/wp-content\/uploads\/2024\/05\/peer-group-effects-fr-1536x864.jpg 1536w, https:\/\/timiskamingyouth.ca\/wp-content\/uploads\/2024\/05\/peer-group-effects-fr-2048x1152.jpg 2048w, https:\/\/timiskamingyouth.ca\/wp-content\/uploads\/2024\/05\/peer-group-effects-fr-18x10.jpg 18w\" sizes=\"(max-width: 2200px) 100vw, 2200px\" \/><\/div><\/div><\/div><\/div><\/div><\/div><\/div><\/div>\t\t\t\t\t\t<\/div>\n\t\t\t\t\t\t\t\t\t\t\t<div class=\"tab-pane clearfix\" id=\"sctabcommunity\" role=\"tabpanel\">\n\t\t\t\t\t\t\t<div id=\"pl-w6633b46d42501\"  class=\"panel-layout\" ><div id=\"pg-w6633b46d42501-0\"  class=\"panel-grid panel-no-style\" ><div id=\"pgc-w6633b46d42501-0-0\"  class=\"panel-grid-cell\" ><div id=\"panel-w6633b46d42501-0-0-0\" class=\"so-panel widget widget_kadence_about_with_image kadence_about_with_image panel-first-child panel-last-child\" data-index=\"0\" ><div class=\"panel-widget-style panel-widget-style-for-w6633b46d42501-0-0-0\" ><div class=\"kad_img_upload_widget kt-shape-type-kt-image-shape-standard kt-image-align-left kt-image-widget-widget-0-0-0\"><a href=\"https:\/\/timiskamingyouth.ca\/wp-content\/uploads\/2024\/05\/community-fr.jpg\" rel=\"lightbox\"><div class=\"kt-image-contain kt-image-shadow-none kt-image-shape-standard\"><div class=\"kt-image-inner-contain\"><img decoding=\"async\" width=\"2200\" height=\"1238\" src=\"https:\/\/timiskamingyouth.ca\/wp-content\/uploads\/2024\/05\/community-fr.jpg\" class=\"attachment-full size-full\" alt=\"\" srcset=\"https:\/\/timiskamingyouth.ca\/wp-content\/uploads\/2024\/05\/community-fr.jpg 2200w, https:\/\/timiskamingyouth.ca\/wp-content\/uploads\/2024\/05\/community-fr-300x169.jpg 300w, https:\/\/timiskamingyouth.ca\/wp-content\/uploads\/2024\/05\/community-fr-1024x576.jpg 1024w, https:\/\/timiskamingyouth.ca\/wp-content\/uploads\/2024\/05\/community-fr-768x432.jpg 768w, https:\/\/timiskamingyouth.ca\/wp-content\/uploads\/2024\/05\/community-fr-1536x864.jpg 1536w, https:\/\/timiskamingyouth.ca\/wp-content\/uploads\/2024\/05\/community-fr-2048x1152.jpg 2048w, https:\/\/timiskamingyouth.ca\/wp-content\/uploads\/2024\/05\/community-fr-18x10.jpg 18w\" sizes=\"(max-width: 2200px) 100vw, 2200px\" \/><\/div><\/div><\/a><\/div><\/div><\/div><\/div><\/div><\/div>\t\t\t\t\t\t<\/div>\n\t\t\t\t\t\t\t\t\t\t\t<div class=\"tab-pane clearfix\" id=\"sctabwellbeing\" role=\"tabpanel\">\n\t\t\t\t\t\t\t<div id=\"pl-w6633b46d42503\"  class=\"panel-layout\" ><div id=\"pg-w6633b46d42503-0\"  class=\"panel-grid panel-has-style\" ><div class=\"panel-row-style panel-row-style-for-w6633b46d42503-0\" ><div id=\"pgc-w6633b46d42503-0-0\"  class=\"panel-grid-cell\" ><div id=\"panel-w6633b46d42503-0-0-0\" class=\"so-panel widget widget_kadence_about_with_image kadence_about_with_image panel-first-child panel-last-child\" data-index=\"0\" ><div class=\"panel-widget-style panel-widget-style-for-w6633b46d42503-0-0-0\" ><div class=\"kad_img_upload_widget kt-shape-type-kt-image-shape-standard kt-image-align-left kt-image-widget-widget-0-0-0\"><a href=\"https:\/\/timiskamingyouth.ca\/wp-content\/uploads\/2024\/05\/wellbeing-fr.jpg\" rel=\"lightbox\"><div class=\"kt-image-contain kt-image-shadow-none kt-image-shape-standard\"><div class=\"kt-image-inner-contain\"><img decoding=\"async\" width=\"2200\" height=\"1238\" src=\"https:\/\/timiskamingyouth.ca\/wp-content\/uploads\/2024\/05\/wellbeing-fr.jpg\" class=\"attachment-full size-full\" alt=\"\" srcset=\"https:\/\/timiskamingyouth.ca\/wp-content\/uploads\/2024\/05\/wellbeing-fr.jpg 2200w, https:\/\/timiskamingyouth.ca\/wp-content\/uploads\/2024\/05\/wellbeing-fr-300x169.jpg 300w, https:\/\/timiskamingyouth.ca\/wp-content\/uploads\/2024\/05\/wellbeing-fr-1024x576.jpg 1024w, https:\/\/timiskamingyouth.ca\/wp-content\/uploads\/2024\/05\/wellbeing-fr-768x432.jpg 768w, https:\/\/timiskamingyouth.ca\/wp-content\/uploads\/2024\/05\/wellbeing-fr-1536x864.jpg 1536w, https:\/\/timiskamingyouth.ca\/wp-content\/uploads\/2024\/05\/wellbeing-fr-2048x1152.jpg 2048w, https:\/\/timiskamingyouth.ca\/wp-content\/uploads\/2024\/05\/wellbeing-fr-18x10.jpg 18w\" sizes=\"(max-width: 2200px) 100vw, 2200px\" \/><\/div><\/div><\/a><\/div><\/div><\/div><\/div><\/div><\/div><\/div>\t\t\t\t\t\t<\/div>\n\t\t\t\t\t\t\t\t\t\t<\/div>\n\t\t\t\t\t\t\t<\/div>\n\n\t\t\t<\/div><\/div><\/div><\/div><\/div><\/div>","protected":false},"excerpt":{"rendered":"<p>All five high schools across Timiskaming District took part in the Planet Youth Survey in November 2023. Participants were grade 10 and 11 students that attended school on the day of the survey. The total response rate for Timiskaming District &hellip; <a class=\"kt-excerpt-readmore more-link\" href=\"https:\/\/timiskamingyouth.ca\/fr\/survey-findings\/\" aria-label=\"R\u00e9sultats du sondage\">En savoir plus<\/a><\/p>","protected":false},"author":1,"featured_media":0,"parent":0,"menu_order":0,"comment_status":"closed","ping_status":"closed","template":"","meta":{"kt_blocks_editor_width":"","footnotes":""},"class_list":["post-20","page","type-page","status-publish","hentry"],"aioseo_notices":[],"_links":{"self":[{"href":"https:\/\/timiskamingyouth.ca\/fr\/wp-json\/wp\/v2\/pages\/20","targetHints":{"allow":["GET"]}}],"collection":[{"href":"https:\/\/timiskamingyouth.ca\/fr\/wp-json\/wp\/v2\/pages"}],"about":[{"href":"https:\/\/timiskamingyouth.ca\/fr\/wp-json\/wp\/v2\/types\/page"}],"author":[{"embeddable":true,"href":"https:\/\/timiskamingyouth.ca\/fr\/wp-json\/wp\/v2\/users\/1"}],"replies":[{"embeddable":true,"href":"https:\/\/timiskamingyouth.ca\/fr\/wp-json\/wp\/v2\/comments?post=20"}],"version-history":[{"count":23,"href":"https:\/\/timiskamingyouth.ca\/fr\/wp-json\/wp\/v2\/pages\/20\/revisions"}],"predecessor-version":[{"id":643,"href":"https:\/\/timiskamingyouth.ca\/fr\/wp-json\/wp\/v2\/pages\/20\/revisions\/643"}],"wp:attachment":[{"href":"https:\/\/timiskamingyouth.ca\/fr\/wp-json\/wp\/v2\/media?parent=20"}],"curies":[{"name":"wp","href":"https:\/\/api.w.org\/{rel}","templated":true}]}}