{"id":16,"date":"2024-02-29T16:20:47","date_gmt":"2024-02-29T16:20:47","guid":{"rendered":"https:\/\/timiskamingyouth.ca\/?page_id=16"},"modified":"2024-05-30T15:50:05","modified_gmt":"2024-05-30T15:50:05","slug":"how-it-works","status":"publish","type":"page","link":"https:\/\/timiskamingyouth.ca\/fr\/how-it-works\/","title":{"rendered":"Comment \u00e7a Marche"},"content":{"rendered":"<div id=\"pl-16\"  class=\"panel-layout\" ><div id=\"pg-16-0\"  class=\"panel-grid panel-has-style\" ><div class=\"panel-row-style panel-row-style-for-16-0\" ><div id=\"pgc-16-0-0\"  class=\"panel-grid-cell\" ><div id=\"panel-16-0-0-0\" class=\"so-panel widget widget_text panel-first-child panel-last-child\" data-index=\"0\" ><div class=\"kt-pb-animation kt-pb-fadeInLeft kt-pb-duration-1200 kt-pb-delay-0 panel-widget-style panel-widget-style-for-16-0-0-0\" ><h3 class=\"widget-title\">Qu\u2019est-ce que Plan\u00e8te Jeunesse Timiskaming?<\/h3>\t\t\t<div class=\"textwidget\"><p>Plan\u00e8te Jeunesse est bas\u00e9 sur le mod\u00e8le de pr\u00e9vention islandais, une approche de renomm\u00e9e mondiale pour r\u00e9duire la consommation d\u2019alcool et de drogues chez les jeunes et am\u00e9liorer leur bien-\u00eatre.<\/p>\n<p>Plan\u00e8te Jeunesse donne les moyens aux communaut\u00e9s de collaborer pour s\u2019attaquer aux causes profondes de la consommation pr\u00e9coce de substances. Le mod\u00e8le adopte une approche qui tient compte de l\u2019ensemble de la population et vise \u00e0 r\u00e9duire les \u00ab\u2009facteurs de risques\u2009\u00bb qui augmentent la probabilit\u00e9 d\u2019une consommation pr\u00e9coce de substances et, surtout, \u00e0 renforcer les \u00ab\u2009facteurs de protection\u2009\u00bb qui peuvent l\u2019emp\u00eacher.<\/p>\n<p>Planet Youth Timiskaming began in November 2023 with a survey of all grade 10 and 11 students. The next steps are to share what we\u2019ve learned and to start working together to make our communities even healthier places to live and grow!<\/p>\n<\/div>\n\t\t<\/div><\/div><\/div><div id=\"pgc-16-0-1\"  class=\"panel-grid-cell\" ><div id=\"panel-16-0-1-0\" class=\"so-panel widget widget_kadence_about_with_image kadence_about_with_image panel-first-child panel-last-child\" data-index=\"1\" ><div class=\"kt-pb-animation kt-pb-fadeInRight kt-pb-duration-1200 kt-pb-delay-0 panel-widget-style panel-widget-style-for-16-0-1-0\" ><div class=\"kad_img_upload_widget kt-shape-type-kt-image-shape-standard kt-image-align-left kt-image-widget-widget-0-1-0\"><div class=\"kt-image-contain kt-image-shadow-none kt-image-shape-standard\"><div class=\"kt-image-inner-contain\"><img decoding=\"async\" src=\"https:\/\/timiskamingyouth.ca\/wp-content\/uploads\/2024\/04\/planet-youth-logo-1-330x335.png\" width=\"330\" height=\"335\" srcset=\"https:\/\/timiskamingyouth.ca\/wp-content\/uploads\/2024\/04\/planet-youth-logo-1-330x335.png 330w, https:\/\/timiskamingyouth.ca\/wp-content\/uploads\/2024\/04\/planet-youth-logo-1-295x300.png 295w, https:\/\/timiskamingyouth.ca\/wp-content\/uploads\/2024\/04\/planet-youth-logo-1-12x12.png 12w, https:\/\/timiskamingyouth.ca\/wp-content\/uploads\/2024\/04\/planet-youth-logo-1-320x324.png 320w, https:\/\/timiskamingyouth.ca\/wp-content\/uploads\/2024\/04\/planet-youth-logo-1-160x162.png 160w, https:\/\/timiskamingyouth.ca\/wp-content\/uploads\/2024\/04\/planet-youth-logo-1-200x204.png 200w, https:\/\/timiskamingyouth.ca\/wp-content\/uploads\/2024\/04\/planet-youth-logo-1-100x102.png 100w, https:\/\/timiskamingyouth.ca\/wp-content\/uploads\/2024\/04\/planet-youth-logo-1-60x60.png 60w, https:\/\/timiskamingyouth.ca\/wp-content\/uploads\/2024\/04\/planet-youth-logo-1-360x366.png 360w, https:\/\/timiskamingyouth.ca\/wp-content\/uploads\/2024\/04\/planet-youth-logo-1.png 388w\" sizes=\"(max-width: 330px) 100vw, 330px\" class=\"\" itemprop=\"contentUrl\" alt=\"\"><\/div><\/div><\/div><\/div><\/div><\/div><\/div><\/div><div id=\"pg-16-1\"  class=\"panel-grid panel-has-style\" ><div class=\"siteorigin-panels-stretch kt-no-vertical-gutter kt-panel-row-stretch panel-row-style panel-row-style-for-16-1\" style=\"opacity: 0;\" data-stretch-type=\"full\" ><div id=\"pgc-16-1-0\"  class=\"panel-grid-cell\" ><div id=\"panel-16-1-0-0\" class=\"so-panel widget widget_text panel-first-child panel-last-child\" data-index=\"2\" ><div class=\"panel-widget-style panel-widget-style-for-16-1-0-0\" ><h3 class=\"widget-title\">4 \u00c9tapes<\/h3>\t\t\t<div class=\"textwidget\"><p>Plan\u00e8te Jeunesse aide les communaut\u00e9s \u00e0 cerner les questions d\u2019importance pour les jeunes en temps r\u00e9el \u00e0 l\u2019aide de donn\u00e9es locales, puis \u00e0 collaborer en tant que communaut\u00e9 pour y donner suite.<\/p>\n<\/div>\n\t\t<\/div><\/div><\/div><\/div><\/div><div id=\"pg-16-2\"  class=\"panel-grid panel-has-style\" ><div class=\"siteorigin-panels-stretch kt-no-vertical-gutter kt-panel-row-stretch panel-row-style panel-row-style-for-16-2\" style=\"opacity: 0;\" data-stretch-type=\"full\" ><div id=\"pgc-16-2-0\"  class=\"panel-grid-cell\" ><div id=\"panel-16-2-0-0\" class=\"so-panel widget widget_kadence_about_with_image kadence_about_with_image panel-first-child panel-last-child\" data-index=\"3\" ><div class=\"kt-pb-animation kt-pb-fadeInLeft kt-pb-duration-1200 kt-pb-delay-0 panel-widget-style panel-widget-style-for-16-2-0-0\" ><div class=\"kad_img_upload_widget kt-shape-type-kt-image-shape-standard kt-image-align-left kt-image-widget-widget-2-0-0\"><div class=\"kt-image-contain kt-image-shadow-none kt-image-shape-standard\"><div class=\"kt-image-inner-contain\"><img decoding=\"async\" width=\"514\" height=\"514\" src=\"https:\/\/timiskamingyouth.ca\/wp-content\/uploads\/2024\/03\/french-diagram-.png\" class=\"attachment-medium_large size-medium_large\" alt=\"\" srcset=\"https:\/\/timiskamingyouth.ca\/wp-content\/uploads\/2024\/03\/french-diagram-.png 1702w, https:\/\/timiskamingyouth.ca\/wp-content\/uploads\/2024\/03\/french-diagram--300x300.png 300w, https:\/\/timiskamingyouth.ca\/wp-content\/uploads\/2024\/03\/french-diagram--1024x1024.png 1024w, https:\/\/timiskamingyouth.ca\/wp-content\/uploads\/2024\/03\/french-diagram--150x150.png 150w, https:\/\/timiskamingyouth.ca\/wp-content\/uploads\/2024\/03\/french-diagram--768x768.png 768w, https:\/\/timiskamingyouth.ca\/wp-content\/uploads\/2024\/03\/french-diagram--1536x1536.png 1536w, https:\/\/timiskamingyouth.ca\/wp-content\/uploads\/2024\/03\/french-diagram--12x12.png 12w, https:\/\/timiskamingyouth.ca\/wp-content\/uploads\/2024\/03\/french-diagram--375x375.png 375w\" sizes=\"(max-width: 514px) 100vw, 514px\" \/><\/div><\/div><div class=\"kadence_image_widget_caption\">Dans le cadre de l\u2019approche de Plan\u00e8te Jeunesse, les facteurs de risque et de protection sont d\u00e9finis dans quatre sph\u00e8res d\u2019intervention : parents et famille, temps libre et communaut\u00e9 locale, groupe de pairs et \u00e9cole.<\/div><\/div><\/div><\/div><\/div><div id=\"pgc-16-2-1\"  class=\"panel-grid-cell\" ><div id=\"panel-16-2-1-0\" class=\"so-panel widget widget_block panel-first-child\" data-index=\"4\" ><div class=\"panel-widget-style panel-widget-style-for-16-2-1-0\" ><h5>1. Recueillir des donn\u00e9es<\/h5>\n\nAu cours de la premi\u00e8re \u00e9tape, les jeunes remplissent un sondage pour nous aider \u00e0 comprendre la situation locale. Plan\u00e8te Jeunesse examine les donn\u00e9es et produit un rapport qui met en lumi\u00e8re les facteurs de risque et les facteurs de protection dans la vie des jeunes \u00e0 l\u2019\u00e9chelle locale.  <\/div><\/div><div id=\"panel-16-2-1-1\" class=\"so-panel widget widget_block\" data-index=\"5\" ><div class=\"panel-widget-style panel-widget-style-for-16-2-1-1\" ><h5>2. Fixer des objectifs<\/h5>\n\nAu cours de l\u2019\u00e9tape 2, les membres de la communaut\u00e9 et les organismes locaux unissent leurs efforts pour \u00e9laborer un plan d\u2019action local en fonction des r\u00e9sultats du sondage et des commentaires de la communaut\u00e9. <\/div><\/div><div id=\"panel-16-2-1-2\" class=\"so-panel widget widget_block\" data-index=\"6\" ><div class=\"panel-widget-style panel-widget-style-for-16-2-1-2\" ><h5>3. Passer \u00e0 l\u2019action<\/h5>\n\nL\u2019\u00e9tape 3 consiste \u00e0 passer \u00e0 l\u2019action! Les activit\u00e9s de pr\u00e9vention visent \u00e0 renforcer les facteurs de protection et \u00e0 r\u00e9duire les facteurs de risque dans les quatre sph\u00e8res les plus importantes pour les enfants et les jeunes : la famille, les amis, l\u2019\u00e9cole et le temps libre.<\/div><\/div><div id=\"panel-16-2-1-3\" class=\"so-panel widget widget_block panel-last-child\" data-index=\"7\" ><div class=\"panel-widget-style panel-widget-style-for-16-2-1-3\" ><h5>4. R\u00e9fl\u00e9chir et r\u00e9p\u00e9ter<\/h5>\n\nL\u2019\u00e9tape 4 consiste \u00e0 prendre le temps de r\u00e9fl\u00e9chir au processus et \u00e0 l\u2019am\u00e9liorer pour le prochain cycle. Les \u00e9tapes 1 \u00e0 4 sont r\u00e9p\u00e9t\u00e9es tous les deux ans.<\/div><\/div><\/div><\/div><\/div><div id=\"pg-16-3\"  class=\"panel-grid panel-has-style\" ><div class=\"siteorigin-panels-stretch kt-panel-row-stretch panel-row-style panel-row-style-for-16-3\" style=\"opacity: 0;\" data-stretch-type=\"full\" ><div id=\"pgc-16-3-0\"  class=\"panel-grid-cell\" ><div id=\"panel-16-3-0-0\" class=\"so-panel widget widget_text panel-first-child\" data-index=\"8\" ><div class=\"kt-pb-animation kt-pb-fadeInDown kt-pb-duration-1200 kt-pb-delay-0 panel-widget-style panel-widget-style-for-16-3-0-0\" ><h3 class=\"widget-title\">Quelle est l\u2019origine de cette approche?<\/h3>\t\t\t<div class=\"textwidget\"><p>L\u2019approche de Plan\u00e8te Jeunesse a vu le jour dans les ann\u00e9es 1990 en Islande. \u00c0 l\u2019\u00e9poque, le taux de consommation de substances chez les jeunes au pays \u00e9tait l\u2019un des plus \u00e9lev\u00e9s de toute l\u2019Europe. Il \u00e9tait clair que les m\u00e9thodes de pr\u00e9vention traditionnelles, qui visaient d\u2019abord et avant tout \u00e0 sensibiliser les \u00e9l\u00e8ves aux risques associ\u00e9s \u00e0 la consommation d\u2019alcool et de drogues, ne fonctionnaient pas.<\/p>\n<p>Aujourd\u2019hui, les taux de consommation de substances chez les jeunes islandais figurent parmi les plus faibles dans le monde.<\/p>\n<p>Leur nouvelle approche soulignait l\u2019importance pour tous les partenaires concern\u00e9s d\u2019unir leurs efforts pour cr\u00e9er un r\u00e9seau de soutien, surveiller la situation et cr\u00e9er des occasions de d\u00e9veloppement positif pour les jeunes \u00e0 l\u2019\u00e9chelle locale.<\/p>\n<p>Visionnez la vid\u00e9o : <strong><a style=\"color: #000000;\" href=\"https:\/\/www.youtube.com\/watch?v=cDbD_JSCrNo\" rel=\"noopener\">https:\/\/www.youtube.com\/watch?v=cDbD_JSCrNo<\/a><\/strong><\/p>\n<\/div>\n\t\t<\/div><\/div><div id=\"panel-16-3-0-1\" class=\"so-panel widget widget_kadence_about_with_image kadence_about_with_image panel-last-child\" data-index=\"9\" ><div class=\"kt-pb-animation kt-pb-fadeInDown kt-pb-duration-1200 kt-pb-delay-0 panel-widget-style panel-widget-style-for-16-3-0-1\" ><div class=\"kad_img_upload_widget kt-shape-type-kt-image-shape-standard kt-image-align-center kt-image-widget-widget-3-0-1\"><a href=\"https:\/\/timiskamingyouth.ca\/wp-content\/uploads\/2024\/02\/development-of-substance-use.jpg\" rel=\"lightbox\"><div class=\"kt-image-contain kt-image-shadow-none kt-image-shape-standard\"><div class=\"kt-image-inner-contain\"><img decoding=\"async\" width=\"1215\" height=\"671\" src=\"https:\/\/timiskamingyouth.ca\/wp-content\/uploads\/2024\/02\/development-of-substance-use.jpg\" class=\"attachment-full size-full\" alt=\"\" srcset=\"https:\/\/timiskamingyouth.ca\/wp-content\/uploads\/2024\/02\/development-of-substance-use.jpg 1215w, https:\/\/timiskamingyouth.ca\/wp-content\/uploads\/2024\/02\/development-of-substance-use-300x166.jpg 300w, https:\/\/timiskamingyouth.ca\/wp-content\/uploads\/2024\/02\/development-of-substance-use-1024x566.jpg 1024w, https:\/\/timiskamingyouth.ca\/wp-content\/uploads\/2024\/02\/development-of-substance-use-768x424.jpg 768w\" sizes=\"(max-width: 1215px) 100vw, 1215px\" \/><\/div><\/div><\/a><div class=\"kadence_image_widget_caption\">From highest to lowest in substance use \u2013 15\/16 year old students in Iceland using the Planet Youth approach.<\/div><\/div><\/div><\/div><\/div><\/div><\/div><div id=\"pg-16-4\"  class=\"panel-grid panel-has-style\" ><div class=\"siteorigin-panels-stretch kt-no-vertical-gutter kt-panel-row-stretch panel-row-style panel-row-style-for-16-4\" style=\"opacity: 0;\" data-stretch-type=\"full\" ><div id=\"pgc-16-4-0\"  class=\"panel-grid-cell\" ><div id=\"panel-16-4-0-0\" class=\"so-panel widget widget_text panel-first-child panel-last-child\" data-index=\"10\" ><div class=\"kt-pb-animation kt-pb-fadeInLeft kt-pb-duration-1200 kt-pb-delay-0 panel-widget-style panel-widget-style-for-16-4-0-0\" ><h3 class=\"widget-title\">5 Principes Directeurs<\/h3>\t\t\t<div class=\"textwidget\"><\/div>\n\t\t<\/div><\/div><\/div><\/div><\/div><div id=\"pg-16-5\"  class=\"panel-grid panel-has-style\" ><div class=\"siteorigin-panels-stretch kt-panel-row-stretch panel-row-style panel-row-style-for-16-5\" style=\"opacity: 0;\" data-stretch-type=\"full\" ><div id=\"pgc-16-5-0\"  class=\"panel-grid-cell\" >\n\n          <div id=\"panel-16-5-0-0\" class=\"so-panel widget widget_kadence_infobox_widget kadence_infobox_widget panel-first-child\" data-index=\"11\" ><div class=\"kt-pb-animation kt-pb-fadeInLeft kt-pb-duration-1200 kt-pb-delay-0 panel-widget-style panel-widget-style-for-16-5-0-0\" >\t\t<div class=\"kad-info-box kad-info-box-842  infoicon-side-left clearfix\" style=\"\t\t\t\t\t\t\t\t\t\t\t\t\t background:#69587e\t\">\n\t\t<div class=\"kt-info-icon-case\"><\/div>\t\t\t<div class=\"kt-info-content-case\" style=\"\t\t\tcolor:#ffffff;\t\t\t\">\n\t\t\t\t\t\t\t\t<h4 style=\"\t\t\t\t\tcolor:#ffffff;\t\t\t\t\t\">La soci\u00e9t\u00e9 en tant que patient<\/h4>\n\t\t\t\t<br>\nAppliquer une approche de pr\u00e9vention primaire qui vise \u00e0 am\u00e9liorer l\u2019environnement social dans les communaut\u00e9s au fil du temps. Les r\u00e9sultats pour les jeunes sont le reflet direct des environnements dans lesquels ils vivent et grandissent.<\/div>\t<\/div>\n\t<\/div><\/div>\n    \n\n          <div id=\"panel-16-5-0-1\" class=\"so-panel widget widget_kadence_infobox_widget kadence_infobox_widget panel-last-child\" data-index=\"12\" ><div class=\"kt-pb-animation kt-pb-fadeInLeft kt-pb-duration-1200 kt-pb-delay-300 panel-widget-style panel-widget-style-for-16-5-0-1\" >\t\t<div class=\"kad-info-box kad-info-box-163  infoicon-side-left clearfix\" style=\"\t\t\t\t\t\t\t\t\t\t\t\t\t background:#f28720\t\">\n\t\t<div class=\"kt-info-icon-case\"><\/div>\t\t\t<div class=\"kt-info-content-case\" style=\"\t\t\tcolor:#0a0a0a;\t\t\t\">\n\t\t\t\t\t\t\t\t<h4 style=\"\t\t\t\t\tcolor:#0a0a0a;\t\t\t\t\t\">Renforcer la capacit\u00e9 en mati\u00e8re de leadership et de r\u00e9solution de probl\u00e8mes<\/h4>\n\t\t\t\t<br>\nRegrouper les chercheurs, les d\u00e9cideurs, les praticiens et les membres de la communaut\u00e9 dans une \u00e9quipe unifi\u00e9e d\u00e9di\u00e9e \u00e0 la r\u00e9solution de probl\u00e8mes complexes et concrets.<\/div>\t<\/div>\n\t<\/div><\/div>\n    <\/div><div id=\"pgc-16-5-1\"  class=\"panel-grid-cell\" >\n\n          <div id=\"panel-16-5-1-0\" class=\"so-panel widget widget_kadence_infobox_widget kadence_infobox_widget panel-first-child\" data-index=\"13\" ><div class=\"kt-pb-animation kt-pb-fadeInDown kt-pb-duration-1200 kt-pb-delay-0 panel-widget-style panel-widget-style-for-16-5-1-0\" >\t\t<div class=\"kad-info-box kad-info-box-890  infoicon-side-left clearfix\" style=\"\t\t\t\t\t\t\t\t\t\t\t\t\t background:#fcbd2e\t\">\n\t\t<div class=\"kt-info-icon-case\"><\/div>\t\t\t<div class=\"kt-info-content-case\" style=\"\t\t\tcolor:#0a0a0a;\t\t\t\">\n\t\t\t\t\t\t\t\t<h4 style=\"\t\t\t\t\tcolor:#0a0a0a;\t\t\t\t\t\">La connexion significative en tant que traitement<\/h4>\n\t\t\t\t<br>\nAm\u00e9liorer les liens entre les enfants et leur famille, leurs pairs, leur \u00e9cole, leur communaut\u00e9 et les adultes bienveillants. Les \u00e9coles sont consid\u00e9r\u00e9es comme \u00e9tant le centre naturel des efforts d\u00e9ploy\u00e9s dans les quartiers pour favoriser la sant\u00e9, l\u2019apprentissage et la r\u00e9ussite des enfants et des adolescents.<\/div>\t<\/div>\n\t<\/div><\/div>\n    \n\n          <div id=\"panel-16-5-1-1\" class=\"so-panel widget widget_kadence_infobox_widget kadence_infobox_widget panel-last-child\" data-index=\"14\" ><div class=\"kt-pb-animation kt-pb-fadeInLeft kt-pb-duration-1200 kt-pb-delay-300 panel-widget-style panel-widget-style-for-16-5-1-1\" >\t\t<div class=\"kad-info-box kad-info-box-667  infoicon-side-left clearfix\" style=\"\t\t\t\t\t\t\t\t\t\t\t\t\t background:#49bdb6\t\">\n\t\t<div class=\"kt-info-icon-case\"><\/div>\t\t\t<div class=\"kt-info-content-case\" style=\"\t\t\tcolor:#0a0a0a;\t\t\t\">\n\t\t\t\t\t\t\t\t<h4 style=\"\t\t\t\t\tcolor:#0a0a0a;\t\t\t\t\t\">Adapter l\u2019ampleur de la solution \u00e0 l\u2019ampleur du probl\u00e8me<\/h4>\n\t\t\t\t<br>\nEncourager l\u2019\u00e9valuation authentique du probl\u00e8me et de la solution.<\/div>\t<\/div>\n\t<\/div><\/div>\n    <\/div><div id=\"pgc-16-5-2\"  class=\"panel-grid-cell\" >\n\n          <div id=\"panel-16-5-2-0\" class=\"so-panel widget widget_kadence_infobox_widget kadence_infobox_widget panel-first-child panel-last-child\" data-index=\"15\" ><div class=\"kt-pb-animation kt-pb-fadeInRight kt-pb-duration-1200 kt-pb-delay-0 panel-widget-style panel-widget-style-for-16-5-2-0\" >\t\t<div class=\"kad-info-box kad-info-box-717  infoicon-side-left clearfix\" style=\"\t\t\t\t\t\t\t\t\t\t\t\t\t background:#d61e46\t\">\n\t\t<div class=\"kt-info-icon-case\"><\/div>\t\t\t<div class=\"kt-info-content-case\" style=\"\t\t\tcolor:#ffffff;\t\t\t\">\n\t\t\t\t\t\t\t\t<h4 style=\"\t\t\t\t\tcolor:#ffffff;\t\t\t\t\t\">L'attention soutenue en tant que traitement<\/h4>\n\t\t\t\t<br>\nEngage et habilite les membres de la communaut\u00e9 \u00e0 prendre des d\u00e9cisions pratiques en utilisant des donn\u00e9es et des diagnostics locaux, de haute qualit\u00e9 et accessibles. La pr\u00e9vention primaire n\u00e9cessite des \u00e9ch\u00e9anciers r\u00e9alistes, un engagement \u00e0 long terme et du financement.<\/div>\t<\/div>\n\t<\/div><\/div>\n    <\/div><\/div><\/div><div id=\"pg-16-6\"  class=\"panel-grid panel-has-style\" ><div class=\"panel-row-style panel-row-style-for-16-6\" ><div id=\"pgc-16-6-0\"  class=\"panel-grid-cell\" ><div id=\"panel-16-6-0-0\" class=\"so-panel widget widget_text panel-first-child panel-last-child\" data-index=\"16\" ><div class=\"kt-pb-animation kt-pb-fadeInLeft kt-pb-duration-1200 kt-pb-delay-900 panel-widget-style panel-widget-style-for-16-6-0-0\" ><h3 class=\"widget-title\">Efforts \u00e0 l\u2019\u00e9chelle mondiale<\/h3>\t\t\t<div class=\"textwidget\"><p>Plan\u00e8te Jeunesse Timiskaming fait partie d\u2019un r\u00e9seau mondial qui vise \u00e0 cr\u00e9er des communaut\u00e9s saines qui soutiennent les jeunes et leur permettent de s\u2019\u00e9panouir. En 2024, l\u2019approche de Plan\u00e8te Jeunesse est utilis\u00e9e dans plus de 200 communaut\u00e9s dans 16 pays, y compris au Canada. Chaque communaut\u00e9 met en \u0153uvre l\u2019approche de Plan\u00e8te Jeunesse \u00e0 l\u2019aide de la m\u00eame m\u00e9thodologie, mais utilise les donn\u00e9es de sondages men\u00e9s aupr\u00e8s des jeunes de la communaut\u00e9 et prend les mesures qui ont \u00e9t\u00e9 d\u00e9termin\u00e9es par la communaut\u00e9. Tout comme l\u2019approche de Plan\u00e8te Jeunesse en Irlande aura une apparence diff\u00e9rente de celle utilis\u00e9e en Argentine, les activit\u00e9s de pr\u00e9vention mises en \u0153uvre \u00e0 Kirkland Lake pourraient avoir une apparence diff\u00e9rente de celles mises en \u0153uvre \u00e0 Englehart, Temiskaming Shores ou Cobalt!<\/p>\n<p>Voyez ce que font nos amis : <a href=\"https:\/\/planetyouthlanark.ca\/\" target=\"_blank\" rel=\"noopener\">Comt\u00e9 de Lanark<\/a> | <a href=\"https:\/\/www.planetyouthtimmins.com\/\" target=\"_blank\" rel=\"noopener\">Timmins<\/a> | <a href=\"https:\/\/calgaryunitedway.org\/planet-youth\/\" target=\"_blank\" rel=\"noopener\">Calgary<\/a> | <a href=\"https:\/\/www2.gnb.ca\/content\/gnb\/en\/corporate\/promo\/planet-youth.html\" target=\"_blank\" rel=\"noopener\">Nouveau-Brunswick<\/a> |<a href=\"https:\/\/westcentralmountainsyouth.org\/planet-youth\/\" target=\"_blank\" rel=\"noopener\"> Idaho <\/a>| <a href=\"https:\/\/planetyouth.org\/\" target=\"_blank\" rel=\"noopener\">Islande<\/a> |<a href=\"https:\/\/planetyouth.ie\/\" target=\"_blank\" rel=\"noopener\">Irlande<\/a><\/p>\n<\/div>\n\t\t<\/div><\/div><\/div><div id=\"pgc-16-6-1\"  class=\"panel-grid-cell\" ><div id=\"panel-16-6-1-0\" class=\"so-panel widget widget_kadence_about_with_image kadence_about_with_image panel-first-child panel-last-child\" data-index=\"17\" ><div class=\"kad_img_upload_widget kt-shape-type-kt-image-shape-standard kt-image-align-center kt-image-widget-widget-6-1-0\"><div class=\"kt-image-contain kt-image-shadow-none kt-image-shape-standard\"><div class=\"kt-image-inner-contain\"><img decoding=\"async\" width=\"800\" height=\"567\" src=\"https:\/\/timiskamingyouth.ca\/wp-content\/uploads\/2024\/04\/planet-youth-and-thu-.jpg\" class=\"attachment-full size-full\" alt=\"\" srcset=\"https:\/\/timiskamingyouth.ca\/wp-content\/uploads\/2024\/04\/planet-youth-and-thu-.jpg 800w, https:\/\/timiskamingyouth.ca\/wp-content\/uploads\/2024\/04\/planet-youth-and-thu--300x213.jpg 300w, https:\/\/timiskamingyouth.ca\/wp-content\/uploads\/2024\/04\/planet-youth-and-thu--768x544.jpg 768w, https:\/\/timiskamingyouth.ca\/wp-content\/uploads\/2024\/04\/planet-youth-and-thu--18x12.jpg 18w\" sizes=\"(max-width: 800px) 100vw, 800px\" \/><\/div><\/div><div class=\"kadence_image_widget_caption\">Erika Aelterman, Services de sant\u00e9 du Timiskaming (SST), Jon Sigfusson, pr\u00e9sident du conseil de Plan\u00e8te Jeunesse, Robin Katrick, directeur r\u00e9gional Am\u00e9rique du Nord de Plan\u00e8te Jeunesse et Kim Peters, SST<\/div><\/div><\/div><\/div><\/div><\/div><div id=\"pg-16-7\"  class=\"panel-grid panel-no-style\" ><div id=\"pgc-16-7-0\"  class=\"panel-grid-cell\" >\n\n        <div id=\"panel-16-7-0-0\" class=\"so-panel widget widget_kadence_calltoaction_widget kadence_calltoaction_widget panel-first-child panel-last-child\" data-index=\"18\" ><div class=\"kt-pb-animation kt-pb-fadeInLeft kt-pb-duration-1200 kt-pb-delay-900 panel-widget-style panel-widget-style-for-16-7-0-0\" ><div class=\"kt-ctaw clearfix\"><h5 class=\"kt-call-to-action-subtitle\" style=\"color:#69587e; font-size:24px; line-height:1; text-align:center; \"  data-max-size=\"24\" data-min-size=\"24\">En unissant nos efforts pour cr\u00e9er une communaut\u00e9 solide autour de nos enfants, nous pouvons leur donner toutes les chances de mener une vie saine, heureuse et r\u00e9ussie ainsi que d\u2019atteindre leur plein potentiel.<\/h5><\/div><\/div><\/div>\n    <\/div><\/div><div id=\"sep-pg-16-8\" class=\"panel-grid panel-has-style\" ><div style=\"background-color:#439c89;opacity: 0;\" class=\"panel-row-style kt-row-style-no-padding siteorigin-panels-stretch kt-panel-row-stretch\" data-stretch-type=\"full\" ><div class=\"inner-sep-content-wrap\"><div id=\"pg-16-8\"  class=\"panel-grid panel-has-style\" ><div class=\"panel-row-style panel-row-style-for-16-8\" ><div id=\"pgc-16-8-0\"  class=\"panel-grid-cell\" >\n\n        <div id=\"panel-16-8-0-0\" class=\"so-panel widget widget_kadence_calltoaction_widget kadence_calltoaction_widget panel-first-child panel-last-child\" data-index=\"19\" ><div class=\"panel-widget-style panel-widget-style-for-16-8-0-0\" ><div class=\"kt-ctaw clearfix\"><h5 class=\"kt-call-to-action-subtitle\" style=\"color:#ffffff; font-size:30px; line-height:1; text-align:center; \"  data-max-size=\"30\" data-min-size=\"30\">To learn more, contact us or check out our FAQ.<\/h5><div style=\"text-align:center\"><a href=\"\/fr\/faq\/\" id=\"kadbtn7018\" target=\"_blank\" class=\"btn button btn-shortcode lg-kad-btn\" style=\"background-color:#ffffff; border: 0 solid; border-color:#000;  color:#439c89;\" onmouseover=\"\" onmouseout=\"\">FREQUENTLY ASKED QUESTIONS <\/a><\/div><\/div><\/div><\/div>\n    <\/div><\/div><\/div><div class=\"panel-row-style kt-row-style-no-padding kt_sep_panel sep_left_triangle siteorigin-panels-stretch\" data-stretch-type=\"full-stretched\"><svg style=\"fill:#69587e;\" viewbox=\"0 0 2000 100\" preserveaspectratio=\"none\"><polygon xmlns=\"http:\/\/www.w3.org\/2000\/svg\" points=\"600,90 0,0 0,100 2000,100 2000,0 \"><\/polygon><\/svg><\/div><\/div><\/div><\/div><\/div>","protected":false},"excerpt":{"rendered":"<p>Planet Youth Timiskaming is based on the Icelandic Prevention Model, a proven approach to reduce alcohol, tobacco and drug use among young people and improve their wellbeing. Planet Youth empowers communities to work together to address the root causes of &hellip; <a class=\"kt-excerpt-readmore more-link\" href=\"https:\/\/timiskamingyouth.ca\/fr\/how-it-works\/\" aria-label=\"Comment \u00e7a Marche\">En savoir plus<\/a><\/p>","protected":false},"author":1,"featured_media":0,"parent":0,"menu_order":0,"comment_status":"closed","ping_status":"closed","template":"","meta":{"kt_blocks_editor_width":"","footnotes":""},"class_list":["post-16","page","type-page","status-publish","hentry"],"aioseo_notices":[],"_links":{"self":[{"href":"https:\/\/timiskamingyouth.ca\/fr\/wp-json\/wp\/v2\/pages\/16","targetHints":{"allow":["GET"]}}],"collection":[{"href":"https:\/\/timiskamingyouth.ca\/fr\/wp-json\/wp\/v2\/pages"}],"about":[{"href":"https:\/\/timiskamingyouth.ca\/fr\/wp-json\/wp\/v2\/types\/page"}],"author":[{"embeddable":true,"href":"https:\/\/timiskamingyouth.ca\/fr\/wp-json\/wp\/v2\/users\/1"}],"replies":[{"embeddable":true,"href":"https:\/\/timiskamingyouth.ca\/fr\/wp-json\/wp\/v2\/comments?post=16"}],"version-history":[{"count":39,"href":"https:\/\/timiskamingyouth.ca\/fr\/wp-json\/wp\/v2\/pages\/16\/revisions"}],"predecessor-version":[{"id":674,"href":"https:\/\/timiskamingyouth.ca\/fr\/wp-json\/wp\/v2\/pages\/16\/revisions\/674"}],"wp:attachment":[{"href":"https:\/\/timiskamingyouth.ca\/fr\/wp-json\/wp\/v2\/media?parent=16"}],"curies":[{"name":"wp","href":"https:\/\/api.w.org\/{rel}","templated":true}]}}