{"id":1457,"date":"2025-08-27T14:40:45","date_gmt":"2025-08-27T18:40:45","guid":{"rendered":"https:\/\/timiskamingyouth.ca\/?page_id=1457"},"modified":"2025-08-27T15:00:25","modified_gmt":"2025-08-27T19:00:25","slug":"parentcafes","status":"publish","type":"page","link":"https:\/\/timiskamingyouth.ca\/fr\/parentcafes\/","title":{"rendered":"Caf\u00e9s de Parents"},"content":{"rendered":"<div id=\"pl-1457\"  class=\"panel-layout\" ><div id=\"pg-1457-0\"  class=\"panel-grid panel-has-style\" ><div class=\"panel-row-style panel-row-style-for-1457-0\" ><div id=\"pgc-1457-0-0\"  class=\"panel-grid-cell\" ><div id=\"panel-1457-0-0-0\" class=\"so-panel widget widget_text panel-first-child\" data-index=\"0\" ><div class=\"kt-pb-animation kt-pb-fadeInLeft kt-pb-duration-1200 kt-pb-delay-0 panel-widget-style panel-widget-style-for-1457-0-0-0\" ><h3 class=\"widget-title\">Caf\u00e9s de parents au Timiskaming<\/h3>\t\t\t<div class=\"textwidget\"><p class=\"translation-block\"><u><a title=\"https:\/\/www.bestrongfamilies.org\/cafes-overview\" href=\"https:\/\/www.bestrongfamilies.org\/cafes-overview\" target=\"_blank\" rel=\"noopener noreferrer\" data-auth=\"NotApplicable\" data-linkindex=\"2\" data-olk-copy-source=\"MessageBody\">Les Caf\u00e9s de parents<\/a><\/u> sont des \u00e9v\u00e9nements locaux anim\u00e9s <b>par des parents, pour des parents <\/b>.<\/p>\n<div>\n<p class=\"x_MsoNormal\">Ils sont d\u00e9j\u00e0 en cours dans les r\u00e9gions de New Liskeard, Kirkland Lake et Englehart\u2026 et ce n\u2019est qu\u2019un d\u00e9but! Venez seul ou accompagn\u00e9 d\u2019un ami et d\u00e9couvrez la magie des Caf\u00e9s de parents.<\/p>\n<\/div>\n<\/div>\n\t\t<\/div><\/div><div id=\"panel-1457-0-0-1\" class=\"so-panel widget widget_text\" data-index=\"1\" ><h3 class=\"widget-title\">Qu\u2019est-ce qu\u2019un Caf\u00e9 de parents?<\/h3>\t\t\t<div class=\"textwidget\"><div>\n<p class=\"x_MsoNormal\"><span data-olk-copy-source=\"MessageBody\">Les Caf\u00e9s de parents sont des rencontres conviviales et accueillantes o\u00f9 parents et personnes qui prennent soin d\u2019enfants peuvent se retrouver, partager leurs exp\u00e9riences et parler franchement des hauts et des bas li\u00e9s au r\u00f4le parental.\u00a0<\/span><\/p>\n<\/div>\n<div>\n<p class=\"x_MsoNormal\">Ils se tiennent dans des espaces communautaires un peu partout dans le district et durent g\u00e9n\u00e9ralement quelques heures. Vous rejoindrez un groupe d\u2019autres parents ou aidants, profiterez de quelques rafra\u00eechissements et participerez \u00e0 une discussion anim\u00e9e par des h\u00f4tes locaux form\u00e9s (souvent des parents eux-m\u00eames!).\u00a0<\/p>\n<div>\n<p class=\"x_MsoNormal\"><span data-olk-copy-source=\"MessageBody\">Chaque Caf\u00e9 a un th\u00e8me et des conversations guid\u00e9es en petits groupes. On y discute de sujets concrets comme :\u00a0\u00a0<\/span><\/p>\n<\/div>\n<ul>\n<li>G\u00e9rer le stress quand tout semble tirer dans mille directions\u00a0<\/li>\n<li>D\u00e9velopper des habitudes saines en famille<\/li>\n<li>Soutenir la sant\u00e9 mentale de son enfant, ses influences sociales et sa prise de d\u00e9cisions\u00a0<\/li>\n<li>Fixer des limites claires\u00a0<\/li>\n<li>Construire son r\u00e9seau de soutien<\/li>\n<li>Et surtout, prendre soin de soi!\u00a0<\/li>\n<\/ul>\n<div>\n<p class=\"x_MsoNormal\">Chacun peut s\u2019exprimer\u2026 ou simplement \u00e9couter, sans aucune pression. Et tout ce qui se dit dans le groupe reste dans le groupe<\/p>\n<\/div>\n<div>\n<p class=\"x_MsoNormal\"><b>Ce n\u2019est pas un atelier. Ce n\u2019est pas une conf\u00e9rence. C\u2019est une conversation authentique entre parents qui comprennent. Et le meilleur? C\u2019est gratuit, il y a toujours de la bonne nourriture, et un petit moment juste pour vous. <\/b><\/p>\n<\/div>\n<div>\n<p class=\"x_MsoNormal\">L\u2019objectif est que chaque parent reparte en se sentant un peu plus l\u00e9ger, mieux connect\u00e9 \u00e0 d\u2019autres familles de la communaut\u00e9, et avec quelques nouvelles id\u00e9es pour sa \u201cbo\u00eete \u00e0 outils\u201d\u00a0parentale.\u00a0<\/p>\n<\/div>\n<\/div>\n<\/div>\n\t\t<\/div><div id=\"panel-1457-0-0-2\" class=\"so-panel widget widget_text\" data-index=\"2\" ><h3 class=\"widget-title\">Quand ont lieu les Caf\u00e9s? Est-ce gratuit?<\/h3>\t\t\t<div class=\"textwidget\"><p class=\"translation-block\"><span data-olk-copy-source=\"MessageBody\">Les Caf\u00e9s de parents sont toujours gratuits et ouverts \u00e0 tous les parents et aidants. Ils sont organis\u00e9s toute l\u2019ann\u00e9e dans diff\u00e9rentes communaut\u00e9s. Consultez  <a href=\"https:\/\/timiskamingyouth.ca\/fr\/events\/month\/\" target=\"_self\">notre calendrier d\u2019\u00e9v\u00e9nements<\/a> en ligne ou suivez-nous sur Facebook pour conna\u00eetre les prochaines dates et lieux.\u00a0<\/span><\/p>\n<\/div>\n\t\t<\/div><div id=\"panel-1457-0-0-3\" class=\"so-panel widget widget_text\" data-index=\"3\" ><h3 class=\"widget-title\">Envie de faire partie de l\u2019\u00e9quipe?<\/h3>\t\t\t<div class=\"textwidget\"><p><span data-olk-copy-source=\"MessageBody\">Nous cherchons toujours de l\u2019aide! Il y a une place pour tout le monde. Les h\u00f4tes re\u00e7oivent une formation ainsi qu\u2019un honorarium pour leur temps.\u00a0\u00a0<\/span><\/p>\n<\/div>\n\t\t<\/div><div id=\"panel-1457-0-0-4\" class=\"so-panel widget widget_text panel-last-child\" data-index=\"4\" ><h3 class=\"widget-title\">Des questions?<\/h3>\t\t\t<div class=\"textwidget\"><p class=\"translation-block\"><span data-olk-copy-source=\"MessageBody\">\u00c9crivez-nous \u00e0<\/span><u><a title=\"mailto:PYT@NEPH.ca\" href=\"mailto:PYT@NEPH.ca\" data-linkindex=\"3\" target=\"_self\">PYT@NEPH.ca<\/a><\/u>\nou envoyez-nous un message sur Facebook.<\/p>\n<\/div>\n\t\t<\/div><\/div><div id=\"pgc-1457-0-1\"  class=\"panel-grid-cell\" ><div id=\"panel-1457-0-1-0\" class=\"so-panel widget widget_kadence_about_with_image kadence_about_with_image panel-first-child\" data-index=\"5\" ><div class=\"kad_img_upload_widget kt-shape-type-kt-image-shape-standard kt-image-align-left kt-image-widget-widget-0-1-0\"><a href=\"https:\/\/timiskamingyouth.ca\/wp-content\/uploads\/2025\/08\/PXL_20250512_173120378-scaled.jpg\" target=\"_blank\"><div class=\"kt-image-contain kt-image-shadow-small kt-image-shape-standard\"><div class=\"kt-image-inner-contain\"><img decoding=\"async\" width=\"2560\" height=\"1928\" src=\"https:\/\/timiskamingyouth.ca\/wp-content\/uploads\/2025\/08\/PXL_20250512_173120378-scaled.jpg\" class=\"attachment-full size-full\" alt=\"\" srcset=\"https:\/\/timiskamingyouth.ca\/wp-content\/uploads\/2025\/08\/PXL_20250512_173120378-scaled.jpg 2560w, https:\/\/timiskamingyouth.ca\/wp-content\/uploads\/2025\/08\/PXL_20250512_173120378-300x226.jpg 300w, https:\/\/timiskamingyouth.ca\/wp-content\/uploads\/2025\/08\/PXL_20250512_173120378-1024x771.jpg 1024w, https:\/\/timiskamingyouth.ca\/wp-content\/uploads\/2025\/08\/PXL_20250512_173120378-768x578.jpg 768w, https:\/\/timiskamingyouth.ca\/wp-content\/uploads\/2025\/08\/PXL_20250512_173120378-1536x1157.jpg 1536w, https:\/\/timiskamingyouth.ca\/wp-content\/uploads\/2025\/08\/PXL_20250512_173120378-2048x1542.jpg 2048w, https:\/\/timiskamingyouth.ca\/wp-content\/uploads\/2025\/08\/PXL_20250512_173120378-16x12.jpg 16w\" sizes=\"(max-width: 2560px) 100vw, 2560px\" \/><\/div><\/div><\/a><\/div><\/div><div id=\"panel-1457-0-1-1\" class=\"so-panel widget widget_kadence_about_with_image kadence_about_with_image\" data-index=\"6\" ><div class=\"kad_img_upload_widget kt-shape-type-kt-image-shape-standard kt-image-align-left kt-image-widget-widget-0-1-1\"><a href=\"https:\/\/timiskamingyouth.ca\/wp-content\/uploads\/2025\/08\/received_1638203816897902-scaled-e1756319405681.jpeg\" target=\"_blank\"><div class=\"kt-image-contain kt-image-shadow-small kt-image-shape-standard\"><div class=\"kt-image-inner-contain\"><img decoding=\"async\" width=\"1894\" height=\"1574\" src=\"https:\/\/timiskamingyouth.ca\/wp-content\/uploads\/2025\/08\/received_1638203816897902-scaled-e1756319405681.jpeg\" class=\"attachment-full size-full\" alt=\"\" srcset=\"https:\/\/timiskamingyouth.ca\/wp-content\/uploads\/2025\/08\/received_1638203816897902-scaled-e1756319405681.jpeg 1894w, https:\/\/timiskamingyouth.ca\/wp-content\/uploads\/2025\/08\/received_1638203816897902-scaled-e1756319405681-300x249.jpeg 300w, https:\/\/timiskamingyouth.ca\/wp-content\/uploads\/2025\/08\/received_1638203816897902-scaled-e1756319405681-1024x851.jpeg 1024w, https:\/\/timiskamingyouth.ca\/wp-content\/uploads\/2025\/08\/received_1638203816897902-scaled-e1756319405681-768x638.jpeg 768w, https:\/\/timiskamingyouth.ca\/wp-content\/uploads\/2025\/08\/received_1638203816897902-scaled-e1756319405681-1536x1276.jpeg 1536w, https:\/\/timiskamingyouth.ca\/wp-content\/uploads\/2025\/08\/received_1638203816897902-scaled-e1756319405681-14x12.jpeg 14w\" sizes=\"(max-width: 1894px) 100vw, 1894px\" \/><\/div><\/div><\/a><\/div><\/div><div id=\"panel-1457-0-1-2\" class=\"so-panel widget widget_kadence_about_with_image kadence_about_with_image\" data-index=\"7\" ><div class=\"kad_img_upload_widget kt-shape-type-kt-image-shape-standard kt-image-align-left kt-image-widget-widget-0-1-2\"><a href=\"https:\/\/timiskamingyouth.ca\/wp-content\/uploads\/2025\/08\/received_2721121341424272-scaled-e1756319547546.jpeg\" target=\"_blank\"><div class=\"kt-image-contain kt-image-shadow-small kt-image-shape-standard\"><div class=\"kt-image-inner-contain\"><img decoding=\"async\" width=\"2560\" height=\"1300\" src=\"https:\/\/timiskamingyouth.ca\/wp-content\/uploads\/2025\/08\/received_2721121341424272-scaled-e1756319547546.jpeg\" class=\"attachment-full size-full\" alt=\"\" srcset=\"https:\/\/timiskamingyouth.ca\/wp-content\/uploads\/2025\/08\/received_2721121341424272-scaled-e1756319547546.jpeg 2560w, https:\/\/timiskamingyouth.ca\/wp-content\/uploads\/2025\/08\/received_2721121341424272-scaled-e1756319547546-300x152.jpeg 300w, https:\/\/timiskamingyouth.ca\/wp-content\/uploads\/2025\/08\/received_2721121341424272-scaled-e1756319547546-1024x520.jpeg 1024w, https:\/\/timiskamingyouth.ca\/wp-content\/uploads\/2025\/08\/received_2721121341424272-scaled-e1756319547546-768x390.jpeg 768w, https:\/\/timiskamingyouth.ca\/wp-content\/uploads\/2025\/08\/received_2721121341424272-scaled-e1756319547546-1536x780.jpeg 1536w, https:\/\/timiskamingyouth.ca\/wp-content\/uploads\/2025\/08\/received_2721121341424272-scaled-e1756319547546-2048x1040.jpeg 2048w, https:\/\/timiskamingyouth.ca\/wp-content\/uploads\/2025\/08\/received_2721121341424272-scaled-e1756319547546-18x9.jpeg 18w\" sizes=\"(max-width: 2560px) 100vw, 2560px\" \/><\/div><\/div><\/a><\/div><\/div><div id=\"panel-1457-0-1-3\" class=\"so-panel widget widget_kadence_about_with_image kadence_about_with_image panel-last-child\" data-index=\"8\" ><div class=\"kad_img_upload_widget kt-shape-type-kt-image-shape-standard kt-image-align-left kt-image-widget-widget-0-1-3\"><a href=\"https:\/\/timiskamingyouth.ca\/wp-content\/uploads\/2025\/08\/received_1260163586115756-scaled-e1756320011384.jpeg\" target=\"_blank\"><div class=\"kt-image-contain kt-image-shadow-small kt-image-shape-standard\"><div class=\"kt-image-inner-contain\"><img decoding=\"async\" width=\"2560\" height=\"1510\" src=\"https:\/\/timiskamingyouth.ca\/wp-content\/uploads\/2025\/08\/received_1260163586115756-scaled-e1756320011384.jpeg\" class=\"attachment-full size-full\" alt=\"\" srcset=\"https:\/\/timiskamingyouth.ca\/wp-content\/uploads\/2025\/08\/received_1260163586115756-scaled-e1756320011384.jpeg 2560w, https:\/\/timiskamingyouth.ca\/wp-content\/uploads\/2025\/08\/received_1260163586115756-scaled-e1756320011384-300x177.jpeg 300w, https:\/\/timiskamingyouth.ca\/wp-content\/uploads\/2025\/08\/received_1260163586115756-scaled-e1756320011384-1024x604.jpeg 1024w, https:\/\/timiskamingyouth.ca\/wp-content\/uploads\/2025\/08\/received_1260163586115756-scaled-e1756320011384-768x453.jpeg 768w, https:\/\/timiskamingyouth.ca\/wp-content\/uploads\/2025\/08\/received_1260163586115756-scaled-e1756320011384-1536x906.jpeg 1536w, https:\/\/timiskamingyouth.ca\/wp-content\/uploads\/2025\/08\/received_1260163586115756-scaled-e1756320011384-2048x1208.jpeg 2048w, https:\/\/timiskamingyouth.ca\/wp-content\/uploads\/2025\/08\/received_1260163586115756-scaled-e1756320011384-18x12.jpeg 18w\" sizes=\"(max-width: 2560px) 100vw, 2560px\" \/><\/div><\/div><\/a><\/div><\/div><\/div><\/div><\/div><div id=\"pg-1457-1\"  class=\"panel-grid panel-has-style\" ><div class=\"panel-row-style panel-row-style-for-1457-1\" ><div id=\"pgc-1457-1-0\"  class=\"panel-grid-cell panel-grid-cell-empty\" ><\/div><\/div><\/div><div id=\"pg-1457-2\"  class=\"panel-grid panel-has-style\" ><div class=\"panel-row-style panel-row-style-for-1457-2\" ><div id=\"pgc-1457-2-0\"  class=\"panel-grid-cell panel-grid-cell-empty\" ><\/div><\/div><\/div><div id=\"sep-pg-1457-3\" class=\"panel-grid panel-has-style\" ><div style=\"background-color:#439c89;opacity: 0;\" class=\"panel-row-style kt-row-style-no-padding siteorigin-panels-stretch kt-panel-row-stretch\" data-stretch-type=\"full\" ><div class=\"inner-sep-content-wrap\"><div id=\"pg-1457-3\"  class=\"panel-grid panel-has-style\" ><div class=\"panel-row-style panel-row-style-for-1457-3\" ><div id=\"pgc-1457-3-0\"  class=\"panel-grid-cell\" >\n\n        <div id=\"panel-1457-3-0-0\" class=\"so-panel widget widget_kadence_calltoaction_widget kadence_calltoaction_widget panel-first-child panel-last-child\" data-index=\"9\" ><div class=\"panel-widget-style panel-widget-style-for-1457-3-0-0\" ><div class=\"kt-ctaw clearfix\"><h5 class=\"kt-call-to-action-subtitle\" style=\"color:#ffffff; font-size:30px; line-height:1; text-align:center; \"  data-max-size=\"30\" data-min-size=\"30\">To learn more, contact us or check out our FAQ.<\/h5><div style=\"text-align:center\"><a href=\"\/fr\/faq\/\" id=\"kadbtn4179\" target=\"_blank\" class=\"btn button btn-shortcode lg-kad-btn\" style=\"background-color:#ffffff; border: 0 solid; border-color:#000;  color:#439c89;\" onmouseover=\"\" onmouseout=\"\">FREQUENTLY ASKED QUESTIONS <\/a><\/div><\/div><\/div><\/div>\n    <\/div><\/div><\/div><div class=\"panel-row-style kt-row-style-no-padding kt_sep_panel sep_left_triangle siteorigin-panels-stretch\" data-stretch-type=\"full-stretched\"><svg style=\"fill:#69587e;\" viewbox=\"0 0 2000 100\" preserveaspectratio=\"none\"><polygon xmlns=\"http:\/\/www.w3.org\/2000\/svg\" points=\"600,90 0,0 0,100 2000,100 2000,0 \"><\/polygon><\/svg><\/div><\/div><\/div><\/div><\/div>","protected":false},"excerpt":{"rendered":"<p>Parent Caf\u00e9s are local events led by parents, for parents. Caf\u00e9s are already running in the New Liskeard, Kirkland Lake, and Englehart area, and we\u2019re just getting started. Come on your own or bring a friend and see what the &hellip; <a class=\"kt-excerpt-readmore more-link\" href=\"https:\/\/timiskamingyouth.ca\/fr\/parentcafes\/\" aria-label=\"Caf\u00e9s de Parents\">En savoir plus<\/a><\/p>","protected":false},"author":5,"featured_media":0,"parent":0,"menu_order":0,"comment_status":"closed","ping_status":"closed","template":"","meta":{"kt_blocks_editor_width":"","footnotes":""},"class_list":["post-1457","page","type-page","status-publish","hentry"],"aioseo_notices":[],"_links":{"self":[{"href":"https:\/\/timiskamingyouth.ca\/fr\/wp-json\/wp\/v2\/pages\/1457","targetHints":{"allow":["GET"]}}],"collection":[{"href":"https:\/\/timiskamingyouth.ca\/fr\/wp-json\/wp\/v2\/pages"}],"about":[{"href":"https:\/\/timiskamingyouth.ca\/fr\/wp-json\/wp\/v2\/types\/page"}],"author":[{"embeddable":true,"href":"https:\/\/timiskamingyouth.ca\/fr\/wp-json\/wp\/v2\/users\/5"}],"replies":[{"embeddable":true,"href":"https:\/\/timiskamingyouth.ca\/fr\/wp-json\/wp\/v2\/comments?post=1457"}],"version-history":[{"count":6,"href":"https:\/\/timiskamingyouth.ca\/fr\/wp-json\/wp\/v2\/pages\/1457\/revisions"}],"predecessor-version":[{"id":1474,"href":"https:\/\/timiskamingyouth.ca\/fr\/wp-json\/wp\/v2\/pages\/1457\/revisions\/1474"}],"wp:attachment":[{"href":"https:\/\/timiskamingyouth.ca\/fr\/wp-json\/wp\/v2\/media?parent=1457"}],"curies":[{"name":"wp","href":"https:\/\/api.w.org\/{rel}","templated":true}]}}